{"id":1423,"date":"2024-04-15T09:04:09","date_gmt":"2024-04-15T07:04:09","guid":{"rendered":"https:\/\/preview.geosite.at\/?page_id=1423"},"modified":"2025-09-03T01:32:47","modified_gmt":"2025-09-02T23:32:47","slug":"info-service","status":"publish","type":"page","link":"https:\/\/geopark-erzderalpen.at\/en\/info-service\/","title":{"rendered":"info service"},"content":{"rendered":"<p>[et_pb_section fb_built=&#8221;1&#8243; custom_padding_last_edited=&#8221;on|desktop&#8221; admin_label=&#8221;Header&#8221; _builder_version=&#8221;4.21.0&#8243; background_image=&#8221;https:\/\/preview.geosite.at\/wp-content\/uploads\/2024\/04\/frontpage.png&#8221; background_size=&#8221;contain&#8221; background_position=&#8221;top_right&#8221; height=&#8221;60vh&#8221; custom_padding=&#8221;110px||||false|false&#8221; custom_padding_tablet=&#8221;140px|0px|50px|0px|false|false&#8221; custom_padding_phone=&#8221;120px|||&#8221; global_colors_info=&#8221;{}&#8221;][et_pb_row column_structure=&#8221;1_2,1_2&#8243; _builder_version=&#8221;4.21.0&#8243; custom_padding=&#8221;0px||0px|||&#8221; use_custom_width=&#8221;on&#8221; custom_width_px=&#8221;1280px&#8221; global_colors_info=&#8221;{}&#8221;][et_pb_column type=&#8221;1_2&#8243; _builder_version=&#8221;4.21.0&#8243; custom_padding=&#8221;|||&#8221; global_colors_info=&#8221;{}&#8221; custom_padding__hover=&#8221;|||&#8221;][et_pb_text _builder_version=&#8221;4.21.0&#8243; text_font=&#8221;||||||||&#8221; text_font_size=&#8221;18px&#8221; text_line_height=&#8221;2em&#8221; header_font=&#8221;||||||||&#8221; header_font_size=&#8221;5em&#8221; header_line_height=&#8221;1.3em&#8221; max_width=&#8221;600px&#8221; text_font_size_tablet=&#8221;&#8221; text_font_size_phone=&#8221;15px&#8221; text_font_size_last_edited=&#8221;on|phone&#8221; text_line_height_tablet=&#8221;&#8221; text_line_height_phone=&#8221;1.6em&#8221; text_line_height_last_edited=&#8221;on|phone&#8221; header_font_size_tablet=&#8221;50px&#8221; header_font_size_phone=&#8221;32px&#8221; header_font_size_last_edited=&#8221;on|phone&#8221; global_colors_info=&#8221;{}&#8221;]<\/p>\n<h1>Info &amp; Service<\/h1>\n<p><span>Im Sinne der Nachhaltigkeit empfehlen wir Ihnen die Anreise in den Erz der Alpen UNESCO Global Geopark mit \u00f6ffentlichen Verkehrsmitteln.<\/span><\/p>\n<p>[\/et_pb_text][et_pb_button button_url=&#8221;@ET-DC@eyJkeW5hbWljIjp0cnVlLCJjb250ZW50IjoicG9zdF9saW5rX3VybF9wYWdlIiwic2V0dGluZ3MiOnsicG9zdF9pZCI6IjE5MzEifX0=@&#8221; button_text=&#8221;Kontakt&#8221; _builder_version=&#8221;4.21.0&#8243; _dynamic_attributes=&#8221;button_url&#8221; hover_enabled=&#8221;0&#8243; button_letter_spacing_hover=&#8221;1px&#8221; locked=&#8221;off&#8221; global_colors_info=&#8221;{}&#8221; button_text_size__hover_enabled=&#8221;off&#8221; button_one_text_size__hover_enabled=&#8221;off&#8221; button_two_text_size__hover_enabled=&#8221;off&#8221; button_text_color__hover_enabled=&#8221;off&#8221; button_one_text_color__hover_enabled=&#8221;off&#8221; button_two_text_color__hover_enabled=&#8221;off&#8221; button_border_width__hover_enabled=&#8221;off&#8221; button_one_border_width__hover_enabled=&#8221;off&#8221; button_two_border_width__hover_enabled=&#8221;off&#8221; button_border_color__hover_enabled=&#8221;off&#8221; button_one_border_color__hover_enabled=&#8221;off&#8221; button_two_border_color__hover_enabled=&#8221;off&#8221; button_border_radius__hover_enabled=&#8221;off&#8221; button_one_border_radius__hover_enabled=&#8221;off&#8221; button_two_border_radius__hover_enabled=&#8221;off&#8221; button_one_letter_spacing__hover_enabled=&#8221;off&#8221; button_two_letter_spacing__hover_enabled=&#8221;off&#8221; button_bg_color__hover_enabled=&#8221;on|hover&#8221; button_one_bg_color__hover_enabled=&#8221;off&#8221; button_two_bg_color__hover_enabled=&#8221;off&#8221; button_bg_color__hover=&#8221;#2B96CE&#8221; button_bg_enable_color__hover=&#8221;on&#8221; sticky_enabled=&#8221;0&#8243;][\/et_pb_button][\/et_pb_column][et_pb_column type=&#8221;1_2&#8243; _builder_version=&#8221;4.16&#8243; custom_padding=&#8221;|||&#8221; global_colors_info=&#8221;{}&#8221; custom_padding__hover=&#8221;|||&#8221;][\/et_pb_column][\/et_pb_row][\/et_pb_section][et_pb_section fb_built=&#8221;1&#8243; specialty=&#8221;on&#8221; _builder_version=&#8221;4.21.0&#8243; _module_preset=&#8221;default&#8221; custom_padding=&#8221;0px||0px|||&#8221; global_colors_info=&#8221;{}&#8221;][et_pb_column type=&#8221;1_2&#8243; specialty_columns=&#8221;2&#8243; _builder_version=&#8221;4.16&#8243; custom_padding=&#8221;|||&#8221; global_colors_info=&#8221;{}&#8221; custom_padding__hover=&#8221;|||&#8221;][et_pb_row_inner _builder_version=&#8221;4.21.0&#8243; _module_preset=&#8221;default&#8221; custom_margin=&#8221;70px||||false|false&#8221; custom_padding=&#8221;||0px|||&#8221; hover_enabled=&#8221;0&#8243; global_colors_info=&#8221;{}&#8221; sticky_enabled=&#8221;0&#8243;][et_pb_column_inner saved_specialty_column_type=&#8221;1_2&#8243; _builder_version=&#8221;4.21.0&#8243; _module_preset=&#8221;default&#8221; global_colors_info=&#8221;{}&#8221;][et_pb_text _builder_version=&#8221;4.21.0&#8243; _module_preset=&#8221;default&#8221; hover_enabled=&#8221;0&#8243; global_colors_info=&#8221;{}&#8221; sticky_enabled=&#8221;0&#8243;]<\/p>\n<h2 style=\"text-align: justify;\">Lage des Geoparks<\/h2>\n<p>[\/et_pb_text][\/et_pb_column_inner][\/et_pb_row_inner][et_pb_row_inner _builder_version=&#8221;4.21.0&#8243; _module_preset=&#8221;default&#8221; custom_padding=&#8221;0px||0px|||&#8221; global_colors_info=&#8221;{}&#8221;][et_pb_column_inner saved_specialty_column_type=&#8221;1_2&#8243; _builder_version=&#8221;4.21.0&#8243; _module_preset=&#8221;default&#8221; global_colors_info=&#8221;{}&#8221;][et_pb_text _builder_version=&#8221;4.21.0&#8243; _module_preset=&#8221;default&#8221; global_colors_info=&#8221;{}&#8221;]<\/p>\n<p style=\"text-align: justify;\">\n<p style=\"text-align: justify;\">Der Erz der Alpen UNESCO Global Geopark befindet sich ca. 50 km s\u00fcdlich von der Stadt Salzburg im Pongau im Salzburgerland in \u00d6sterreich. Der n\u00e4chstgelegene Flughafen ist der W. A. Mozart Airport Salzburg.<\/p>\n<p style=\"text-align: justify;\">Die Gemeinden H\u00fcttau, Bischofshofen, M\u00fchlbach am Hochk\u00f6nig und St. Veit im Pongau bilden das Gebiet des Geoparks.\u00a0\u00a0Alle Geoparkgemeinden sind mit dem Auto und auch mit den \u00f6ffentlichen Verkehrsmitteln erreichbar.<\/p>\n<p>[\/et_pb_text][et_pb_image src=&#8221;https:\/\/preview.geosite.at\/wp-content\/uploads\/2024\/04\/Anreise.png&#8221; title_text=&#8221;Anreise&#8221; align=&#8221;right&#8221; force_fullwidth=&#8221;on&#8221; disabled_on=&#8221;off|off|on&#8221; _builder_version=&#8221;4.21.0&#8243; _module_preset=&#8221;default&#8221; global_colors_info=&#8221;{}&#8221;][\/et_pb_image][\/et_pb_column_inner][\/et_pb_row_inner][et_pb_row_inner _builder_version=&#8221;4.21.0&#8243; _module_preset=&#8221;default&#8221; custom_padding=&#8221;||0px|||&#8221; global_colors_info=&#8221;{}&#8221;][et_pb_column_inner saved_specialty_column_type=&#8221;1_2&#8243; _builder_version=&#8221;4.21.0&#8243; _module_preset=&#8221;default&#8221; global_colors_info=&#8221;{}&#8221;][et_pb_text _builder_version=&#8221;4.21.0&#8243; _module_preset=&#8221;default&#8221; hover_enabled=&#8221;0&#8243; global_colors_info=&#8221;{}&#8221; sticky_enabled=&#8221;0&#8243;]<\/p>\n<h2 style=\"text-align: justify;\">Kontakt<\/h2>\n<p>[\/et_pb_text][\/et_pb_column_inner][\/et_pb_row_inner][et_pb_row_inner column_structure=&#8221;1_2,1_2&#8243; _builder_version=&#8221;4.21.0&#8243; _module_preset=&#8221;default&#8221; custom_padding=&#8221;0px||||false|false&#8221; hover_enabled=&#8221;0&#8243; global_colors_info=&#8221;{}&#8221; sticky_enabled=&#8221;0&#8243;][et_pb_column_inner type=&#8221;1_2&#8243; saved_specialty_column_type=&#8221;1_2&#8243; _builder_version=&#8221;4.21.0&#8243; _module_preset=&#8221;default&#8221; global_colors_info=&#8221;{}&#8221;][et_pb_text _builder_version=&#8221;4.21.0&#8243; _module_preset=&#8221;default&#8221; hover_enabled=&#8221;0&#8243; global_colors_info=&#8221;{}&#8221; sticky_enabled=&#8221;0&#8243;]<\/p>\n<h3><span style=\"font-size: medium;\"><strong>Tourismusverband Bischofshofen<\/strong><\/span><\/h3>\n<p>Franz-Mohshammer-Platz 12<br \/>5500 Bischofshofen<br \/>E-Mail: <a href=\"mailto:info@bischofshofen.com\">info@bischofshofen.com<\/a><br \/>Telefon-Nr.: +43 6462 2471<\/p>\n<p>[\/et_pb_text][\/et_pb_column_inner][et_pb_column_inner type=&#8221;1_2&#8243; saved_specialty_column_type=&#8221;1_2&#8243; _builder_version=&#8221;4.21.0&#8243; _module_preset=&#8221;default&#8221; global_colors_info=&#8221;{}&#8221;][et_pb_text _builder_version=&#8221;4.21.0&#8243; _module_preset=&#8221;default&#8221; hover_enabled=&#8221;0&#8243; global_colors_info=&#8221;{}&#8221; sticky_enabled=&#8221;0&#8243;]<\/p>\n<h3><span style=\"font-size: medium;\"><strong>Verein Erz der Alpen<\/strong><\/span><\/h3>\n<p>Franz-Mohshammer-Platz 12<br \/>5500 Bischofshofen<br \/>E-Mail: <a href=\"mailto:info@geopark-erzderalpen.at\">info@geopark-erzderalpen.at<\/a><\/p>\n<p>[\/et_pb_text][\/et_pb_column_inner][\/et_pb_row_inner][\/et_pb_column][et_pb_column type=&#8221;1_2&#8243; _builder_version=&#8221;4.16&#8243; custom_padding=&#8221;|||&#8221; global_colors_info=&#8221;{}&#8221; custom_padding__hover=&#8221;|||&#8221;][et_pb_image src=&#8221;https:\/\/geopark-erzderalpen.at\/wp-content\/uploads\/2024\/04\/Anreise.png&#8221; title_text=&#8221;Anreise&#8221; align=&#8221;right&#8221; force_fullwidth=&#8221;on&#8221; disabled_on=&#8221;on|on|off&#8221; _builder_version=&#8221;4.21.0&#8243; _module_preset=&#8221;default&#8221; hover_enabled=&#8221;0&#8243; global_colors_info=&#8221;{}&#8221; alt=&#8221;Anreise nach Bischofshofen&#8221; sticky_enabled=&#8221;0&#8243;][\/et_pb_image][\/et_pb_column][\/et_pb_section][et_pb_section fb_built=&#8221;1&#8243; _builder_version=&#8221;4.21.0&#8243; _module_preset=&#8221;default&#8221; custom_padding=&#8221;0px|||||&#8221; global_colors_info=&#8221;{}&#8221;][et_pb_row _builder_version=&#8221;4.21.0&#8243; _module_preset=&#8221;default&#8221; custom_padding=&#8221;||0px|||&#8221; hover_enabled=&#8221;0&#8243; global_colors_info=&#8221;{}&#8221; sticky_enabled=&#8221;0&#8243;][et_pb_column type=&#8221;4_4&#8243; _builder_version=&#8221;4.21.0&#8243; _module_preset=&#8221;default&#8221; global_colors_info=&#8221;{}&#8221;][et_pb_text _builder_version=&#8221;4.21.0&#8243; _module_preset=&#8221;default&#8221; hover_enabled=&#8221;0&#8243; global_colors_info=&#8221;{}&#8221; sticky_enabled=&#8221;0&#8243;]<\/p>\n<h2>Erreichbarkeit des Geoparks<\/h2>\n<p>[\/et_pb_text][\/et_pb_column][\/et_pb_row][et_pb_row _builder_version=&#8221;4.21.0&#8243; _module_preset=&#8221;default&#8221; custom_padding=&#8221;||0px|||&#8221; global_colors_info=&#8221;{}&#8221;][et_pb_column type=&#8221;4_4&#8243; _builder_version=&#8221;4.21.0&#8243; _module_preset=&#8221;default&#8221; global_colors_info=&#8221;{}&#8221;][et_pb_text _builder_version=&#8221;4.21.0&#8243; _module_preset=&#8221;default&#8221; hover_enabled=&#8221;0&#8243; global_colors_info=&#8221;{}&#8221; sticky_enabled=&#8221;0&#8243;]<\/p>\n<h3>Mit \u00d6ffentlichen Verkehrsmitteln<\/h3>\n<p>[\/et_pb_text][\/et_pb_column][\/et_pb_row][et_pb_row column_structure=&#8221;1_3,1_3,1_3&#8243; _builder_version=&#8221;4.21.0&#8243; _module_preset=&#8221;default&#8221; custom_padding=&#8221;0px|||||&#8221; global_colors_info=&#8221;{}&#8221;][et_pb_column type=&#8221;1_3&#8243; _builder_version=&#8221;4.21.0&#8243; _module_preset=&#8221;default&#8221; global_colors_info=&#8221;{}&#8221;][et_pb_text _builder_version=&#8221;4.21.0&#8243; _module_preset=&#8221;default&#8221; global_colors_info=&#8221;{}&#8221;]<\/p>\n<p style=\"text-align: justify;\"><strong>H\u00fcttau:<span>\u00a0<\/span><\/strong>Von der Stadt Salzburg ist H\u00fcttau mit der Bahn und dem Bus erreichbar. Dabei muss der Zug von Salzburg Hauptbahnhof nach Bischofshofen genommen werden. Auf dieser Strecke fahren mehrmals st\u00fcndlich Z\u00fcge. In Bischofshofen steigen Sie um in den Bus der Linie 510. Die Ausstiegshaltestelle hei\u00dft \u201eH\u00fcttau Ortsmitte\u201c.<\/p>\n<p style=\"text-align: justify;\"><strong>Bischofshofen:<span>\u00a0<\/span><\/strong>Nach Bischofshofen fahren st\u00fcndlich Z\u00fcge vom Salzburger Hauptbahnhof. Beispielsweise mit der S-Bahn S3 Richtung Schwarzach-St. Veit oder auch der Regionalexpress REX3 nach W\u00f6rgl Hbf kann der Bahnhof Bischofshofen erreicht werden.<\/p>\n<p style=\"text-align: justify;\">[\/et_pb_text][\/et_pb_column][et_pb_column type=&#8221;1_3&#8243; _builder_version=&#8221;4.21.0&#8243; _module_preset=&#8221;default&#8221; global_colors_info=&#8221;{}&#8221;][et_pb_text _builder_version=&#8221;4.21.0&#8243; _module_preset=&#8221;default&#8221; global_colors_info=&#8221;{}&#8221;]<\/p>\n<p style=\"text-align: justify;\"><strong>M\u00fchlbach am Hochk\u00f6nig:<span>\u00a0<\/span><\/strong>M\u00fchlbach ist sehr gut erreichbar von Bischofshofen aus. Nach M\u00fchlbach am Hochk\u00f6nig f\u00e4hrt der Bus der Linie 590 von der Haltestelle Bischofshofen Bahnhof (gegen\u00fcber des Bahnhofs) mehrmals t\u00e4glich. Die Ausstiegshaltestelle hei\u00dft \u201eM\u00fchlbach am Hochk\u00f6nig Ortsmitte\u201c.<\/p>\n<p style=\"text-align: justify;\"><strong>St. Veit im Pongau:<\/strong><span>\u00a0<\/span>Um St. Veit zu erreichen, fahren Sie zum \u201eBahnhof Schwarzach \u2013 St. Veit\u201c. Es gibt st\u00fcndliche Verbindungen von der Stadt Salzburg. Vom Bahnhof Schwarzach \u2013 St. Veit steigen Sie in den st\u00fcndlich fahrenden Bus der Linie 581 um, bis zur Ausstiegsstelle \u201eSt. Veit im Pongau Marktplatz\u201c.<\/p>\n<p>[\/et_pb_text][\/et_pb_column][et_pb_column type=&#8221;1_3&#8243; _builder_version=&#8221;4.21.0&#8243; _module_preset=&#8221;default&#8221; global_colors_info=&#8221;{}&#8221;][et_pb_blurb image=&#8221;https:\/\/preview.geosite.at\/wp-content\/uploads\/2024\/04\/info_green.svg&#8221; image_icon_width=&#8221;30px&#8221; image_icon_width_tablet=&#8221;35px&#8221; image_icon_width_phone=&#8221;40px&#8221; _builder_version=&#8221;4.21.0&#8243; header_level=&#8221;h5&#8243; custom_margin=&#8221;||0px||false|false&#8221; hover_enabled=&#8221;0&#8243; image_max_width=&#8221;100px&#8221; image_max_width_tablet=&#8221;&#8221; image_max_width_phone=&#8221;50px&#8221; image_max_width_last_edited=&#8221;on|phone&#8221; locked=&#8221;off&#8221; global_colors_info=&#8221;{}&#8221; sticky_enabled=&#8221;0&#8243;]<\/p>\n<h4><span style=\"font-size: medium;\">Informationen zum \u00d6ffentlichen Verkehr<\/span><\/h4>\n<p>Info \u00fcber den Bus- und Zugverkehr im Pongau<\/p>\n<p>[\/et_pb_blurb][et_pb_button button_url=&#8221;https:\/\/www.salzburgerland.com\/de\/pongau-oeffentlicher-verkehr\/&#8221; url_new_window=&#8221;on&#8221; button_text=&#8221;Zur Website&#8221; _builder_version=&#8221;4.21.0&#8243; button_text_size=&#8221;14px&#8221; button_bg_color=&#8221;#4BA834&#8243; custom_margin=&#8221;20px|||55px|false|false&#8221; custom_padding=&#8221;11px|25px|11px|25px|true|true&#8221; button_letter_spacing_hover=&#8221;1px&#8221; locked=&#8221;off&#8221; global_colors_info=&#8221;{}&#8221; button_text_size__hover_enabled=&#8221;off&#8221; button_one_text_size__hover_enabled=&#8221;off&#8221; button_two_text_size__hover_enabled=&#8221;off&#8221; button_text_color__hover_enabled=&#8221;off&#8221; button_one_text_color__hover_enabled=&#8221;off&#8221; button_two_text_color__hover_enabled=&#8221;off&#8221; button_border_width__hover_enabled=&#8221;off&#8221; button_one_border_width__hover_enabled=&#8221;off&#8221; button_two_border_width__hover_enabled=&#8221;off&#8221; button_border_color__hover_enabled=&#8221;off&#8221; button_one_border_color__hover_enabled=&#8221;off&#8221; button_two_border_color__hover_enabled=&#8221;off&#8221; button_border_radius__hover_enabled=&#8221;off&#8221; button_one_border_radius__hover_enabled=&#8221;off&#8221; button_two_border_radius__hover_enabled=&#8221;off&#8221; button_one_letter_spacing__hover_enabled=&#8221;off&#8221; button_two_letter_spacing__hover_enabled=&#8221;off&#8221; button_one_bg_color__hover_enabled=&#8221;off&#8221; button_two_bg_color__hover_enabled=&#8221;off&#8221; button_bg_color__hover=&#8221;#7DB536&#8243; button_bg_enable_color__hover=&#8221;on&#8221;][\/et_pb_button][\/et_pb_column][\/et_pb_row][et_pb_row _builder_version=&#8221;4.21.0&#8243; _module_preset=&#8221;default&#8221; custom_padding=&#8221;||0px|||&#8221; hover_enabled=&#8221;0&#8243; global_colors_info=&#8221;{}&#8221; sticky_enabled=&#8221;0&#8243;][et_pb_column type=&#8221;4_4&#8243; _builder_version=&#8221;4.21.0&#8243; _module_preset=&#8221;default&#8221; global_colors_info=&#8221;{}&#8221;][et_pb_text _builder_version=&#8221;4.21.0&#8243; _module_preset=&#8221;default&#8221; hover_enabled=&#8221;0&#8243; global_colors_info=&#8221;{}&#8221; sticky_enabled=&#8221;0&#8243;]<\/p>\n<h3>Mit dem Auto<\/h3>\n<p>[\/et_pb_text][\/et_pb_column][\/et_pb_row][et_pb_row column_structure=&#8221;1_3,1_3,1_3&#8243; _builder_version=&#8221;4.21.0&#8243; _module_preset=&#8221;default&#8221; custom_padding=&#8221;0px|||||&#8221; global_colors_info=&#8221;{}&#8221;][et_pb_column type=&#8221;1_3&#8243; _builder_version=&#8221;4.21.0&#8243; _module_preset=&#8221;default&#8221; global_colors_info=&#8221;{}&#8221;][et_pb_text _builder_version=&#8221;4.21.0&#8243; _module_preset=&#8221;default&#8221; global_colors_info=&#8221;{}&#8221;]<\/p>\n<p style=\"text-align: justify;\"><strong>H\u00fcttau:<\/strong><span>\u00a0<\/span>Die Gemeinde H\u00fcttau erreicht man \u00fcber die A10, \u201eAusfahrt H\u00fcttau\u201c.\u00a0\u00a0<\/p>\n<p style=\"text-align: justify;\"><strong>Bischofshofen:<\/strong><span>\u00a0<\/span>Sie erreichen Bischofshofen \u00fcber die A10. Nehmen Sie die Ausfahrt \u201eKnoten Pongau\u201c und danach die Ausfahrt \u201ePongau\/Bischofshofen\u201c.\u00a0<\/p>\n<p>[\/et_pb_text][\/et_pb_column][et_pb_column type=&#8221;1_3&#8243; _builder_version=&#8221;4.21.0&#8243; _module_preset=&#8221;default&#8221; global_colors_info=&#8221;{}&#8221;][et_pb_text _builder_version=&#8221;4.21.0&#8243; _module_preset=&#8221;default&#8221; global_colors_info=&#8221;{}&#8221;]<\/p>\n<p style=\"text-align: justify;\"><strong>M\u00fchlbach am Hochk\u00f6nig:<span>\u00a0<\/span><\/strong>M\u00fchlbach am Hochk\u00f6nig ist erreichbar \u00fcber die A10, Ausfahrt \u201eKnoten Pongau\u201c und \u201eAusfahrt Pongau\/Bischofshofen\u201c. Beim Kreisverkehr biegen Sie auf die Hochk\u00f6nigstra\u00dfe (B164) ab und fahren nach M\u00fchlbach.\u00a0\u00a0<\/p>\n<p style=\"text-align: justify;\"><strong>St. Veit im Pongau:<\/strong><span>\u00a0<\/span>St. Veit im Pongau erreichen Sie \u00fcber die A10, Ausfahrt \u201eKnoten Pongau\u201c, fahren Sie auf der Pinzgauer Stra\u00dfe B311 weiter in Richtung Schwarzach \u2013 St. Veit. Nutzen Sie den rechten Fahrstreifen bei der Auffahrt Richtung St. Veit. Im Kreisverkehr die erste Ausfahrt nehmen und folgen Sie dem Trassenverlauf (St. Veiter Landesstra\u00dfe), bis Sie St.Veit im Pongau erreichen.\u00a0\u00a0<\/p>\n<p>[\/et_pb_text][\/et_pb_column][et_pb_column type=&#8221;1_3&#8243; _builder_version=&#8221;4.21.0&#8243; _module_preset=&#8221;default&#8221; global_colors_info=&#8221;{}&#8221;][et_pb_blurb image=&#8221;https:\/\/preview.geosite.at\/wp-content\/uploads\/2024\/04\/info_orange.svg&#8221; image_icon_width=&#8221;30px&#8221; image_icon_width_tablet=&#8221;35px&#8221; image_icon_width_phone=&#8221;40px&#8221; _builder_version=&#8221;4.21.0&#8243; header_level=&#8221;h5&#8243; custom_margin=&#8221;||0px||false|false&#8221; hover_enabled=&#8221;0&#8243; image_max_width=&#8221;100px&#8221; image_max_width_tablet=&#8221;&#8221; image_max_width_phone=&#8221;50px&#8221; image_max_width_last_edited=&#8221;on|phone&#8221; locked=&#8221;off&#8221; global_colors_info=&#8221;{}&#8221; sticky_enabled=&#8221;0&#8243;]<\/p>\n<h4><span style=\"font-size: medium;\">Informationen zum Stra\u00dfenverkehr<\/span><\/h4>\n<p>Info \u00fcber den Stra\u00dfenverkehr im Pongau<\/p>\n<p>[\/et_pb_blurb][et_pb_button button_url=&#8221;https:\/\/www.oeamtc.at\/verkehrsservice\/?region=at-5&#8243; url_new_window=&#8221;on&#8221; button_text=&#8221;Zur Website&#8221; _builder_version=&#8221;4.21.0&#8243; button_text_size=&#8221;14px&#8221; button_bg_color=&#8221;#E08A25&#8243; custom_margin=&#8221;20px||0px|55px|false|false&#8221; custom_padding=&#8221;11px|25px|11px|25px|true|true&#8221; button_letter_spacing_hover=&#8221;1px&#8221; locked=&#8221;off&#8221; global_colors_info=&#8221;{}&#8221; button_text_size__hover_enabled=&#8221;off&#8221; button_one_text_size__hover_enabled=&#8221;off&#8221; button_two_text_size__hover_enabled=&#8221;off&#8221; button_text_color__hover_enabled=&#8221;off&#8221; button_one_text_color__hover_enabled=&#8221;off&#8221; button_two_text_color__hover_enabled=&#8221;off&#8221; button_border_width__hover_enabled=&#8221;off&#8221; button_one_border_width__hover_enabled=&#8221;off&#8221; button_two_border_width__hover_enabled=&#8221;off&#8221; button_border_color__hover_enabled=&#8221;off&#8221; button_one_border_color__hover_enabled=&#8221;off&#8221; button_two_border_color__hover_enabled=&#8221;off&#8221; button_border_radius__hover_enabled=&#8221;off&#8221; button_one_border_radius__hover_enabled=&#8221;off&#8221; button_two_border_radius__hover_enabled=&#8221;off&#8221; button_one_letter_spacing__hover_enabled=&#8221;off&#8221; button_two_letter_spacing__hover_enabled=&#8221;off&#8221; button_one_bg_color__hover_enabled=&#8221;off&#8221; button_two_bg_color__hover_enabled=&#8221;off&#8221; button_bg_color__hover=&#8221;#e3943b&#8221; button_bg_enable_color__hover=&#8221;on&#8221;][\/et_pb_button][\/et_pb_column][\/et_pb_row][\/et_pb_section]<\/p>\n","protected":false},"excerpt":{"rendered":"<p>Info &amp; Service Im Sinne der Nachhaltigkeit empfehlen wir Ihnen die Anreise in den Erz der Alpen UNESCO Global Geopark mit \u00f6ffentlichen Verkehrsmitteln.Lage des Geoparks Der Erz der Alpen UNESCO [&hellip;]<\/p>\n","protected":false},"author":1,"featured_media":0,"parent":0,"menu_order":0,"comment_status":"closed","ping_status":"closed","template":"","meta":{"_et_pb_use_builder":"on","_et_pb_old_content":"","_et_gb_content_width":"","_price":"","_stock":"","_tribe_ticket_header":"","_tribe_default_ticket_provider":"","_tribe_ticket_capacity":"0","_ticket_start_date":"","_ticket_end_date":"","_tribe_ticket_show_description":"","_tribe_ticket_show_not_going":false,"_tribe_ticket_use_global_stock":"","_tribe_ticket_global_stock_level":"","_global_stock_mode":"","_global_stock_cap":"","_tribe_rsvp_for_event":"","_tribe_ticket_going_count":"","_tribe_ticket_not_going_count":"","_tribe_tickets_list":"[]","_tribe_ticket_has_attendee_info_fields":false,"footnotes":""},"class_list":["post-1423","page","type-page","status-publish","hentry"],"acf":[],"ticketed":false,"_links":{"self":[{"href":"https:\/\/geopark-erzderalpen.at\/en\/wp-json\/wp\/v2\/pages\/1423","targetHints":{"allow":["GET"]}}],"collection":[{"href":"https:\/\/geopark-erzderalpen.at\/en\/wp-json\/wp\/v2\/pages"}],"about":[{"href":"https:\/\/geopark-erzderalpen.at\/en\/wp-json\/wp\/v2\/types\/page"}],"author":[{"embeddable":true,"href":"https:\/\/geopark-erzderalpen.at\/en\/wp-json\/wp\/v2\/users\/1"}],"replies":[{"embeddable":true,"href":"https:\/\/geopark-erzderalpen.at\/en\/wp-json\/wp\/v2\/comments?post=1423"}],"version-history":[{"count":26,"href":"https:\/\/geopark-erzderalpen.at\/en\/wp-json\/wp\/v2\/pages\/1423\/revisions"}],"predecessor-version":[{"id":3465,"href":"https:\/\/geopark-erzderalpen.at\/en\/wp-json\/wp\/v2\/pages\/1423\/revisions\/3465"}],"wp:attachment":[{"href":"https:\/\/geopark-erzderalpen.at\/en\/wp-json\/wp\/v2\/media?parent=1423"}],"curies":[{"name":"wp","href":"https:\/\/api.w.org\/{rel}","templated":true}]}}