{"id":1454,"date":"2024-04-15T12:23:31","date_gmt":"2024-04-15T10:23:31","guid":{"rendered":"https:\/\/preview.geosite.at\/?page_id=1454"},"modified":"2026-02-16T08:59:32","modified_gmt":"2026-02-16T07:59:32","slug":"startseite","status":"publish","type":"page","link":"https:\/\/geopark-erzderalpen.at\/en\/","title":{"rendered":"Home page"},"content":{"rendered":"<p>[et_pb_section fb_built=&#8221;1&#8243; custom_padding_last_edited=&#8221;on|desktop&#8221; admin_label=&#8221;Header&#8221; _builder_version=&#8221;4.21.0&#8243; background_image=&#8221;https:\/\/preview.geosite.at\/wp-content\/uploads\/2024\/04\/frontpage.png&#8221; background_size=&#8221;contain&#8221; background_position=&#8221;top_right&#8221; custom_padding=&#8221;110px||||false|false&#8221; custom_padding_tablet=&#8221;140px|0px|50px|0px|false|false&#8221; custom_padding_phone=&#8221;120px|||&#8221; global_colors_info=&#8221;{}&#8221;][et_pb_row column_structure=&#8221;1_2,1_2&#8243; _builder_version=&#8221;4.21.0&#8243; use_custom_width=&#8221;on&#8221; custom_width_px=&#8221;1280px&#8221; global_colors_info=&#8221;{}&#8221;][et_pb_column type=&#8221;1_2&#8243; _builder_version=&#8221;4.16&#8243; custom_padding=&#8221;|||&#8221; global_colors_info=&#8221;{}&#8221; custom_padding__hover=&#8221;|||&#8221;][et_pb_text _builder_version=&#8221;4.21.0&#8243; global_colors_info=&#8221;{}&#8221;]<\/p>\n<h1>Erz der Alpen<\/h1>\n<h2>UNESCO Global Geopark<\/h2>\n<p style=\"text-align: justify;\">Herzlich Willkommen im Erz der Alpen UNESCO Global Geopark im Salzburger Pongau. Dieses Gebiet, bekannt f\u00fcr Wintersport und Naturerholung, war fr\u00fcher eine Bergbauregion, in der schon in der Bronzezeit Kupfer abgebaut wurde. Der Geopark erstreckt sich \u00fcber 211 km\u00b2 und die vier Gemeinden H\u00fcttau, Bischofshofen, M\u00fchlbach am Hochk\u00f6nig und St. Veit im Pongau. Er bietet eine einzigartige Mischung aus Geologie, Natur, Kultur, Kulinarik und Erholung. Entdecken Sie die faszinierende Welt der Bunten Erze in dieser beeindruckenden Alpenregion.<\/p>\n<p>[\/et_pb_text][et_pb_button button_url=&#8221;@ET-DC@eyJkeW5hbWljIjp0cnVlLCJjb250ZW50IjoicG9zdF9saW5rX3VybF9wYWdlIiwic2V0dGluZ3MiOnsicG9zdF9pZCI6IjE0MzUifX0=@&#8221; button_text=&#8221;Mehr \u00fcber unseren Geopark&#8221; _builder_version=&#8221;4.21.0&#8243; _dynamic_attributes=&#8221;button_url&#8221; button_letter_spacing_hover=&#8221;1px&#8221; locked=&#8221;off&#8221; global_colors_info=&#8221;{}&#8221; button_text_size__hover_enabled=&#8221;off&#8221; button_one_text_size__hover_enabled=&#8221;off&#8221; button_two_text_size__hover_enabled=&#8221;off&#8221; button_text_color__hover_enabled=&#8221;off&#8221; button_one_text_color__hover_enabled=&#8221;off&#8221; button_two_text_color__hover_enabled=&#8221;off&#8221; button_border_width__hover_enabled=&#8221;off&#8221; button_one_border_width__hover_enabled=&#8221;off&#8221; button_two_border_width__hover_enabled=&#8221;off&#8221; button_border_color__hover_enabled=&#8221;off&#8221; button_one_border_color__hover_enabled=&#8221;off&#8221; button_two_border_color__hover_enabled=&#8221;off&#8221; button_border_radius__hover_enabled=&#8221;off&#8221; button_one_border_radius__hover_enabled=&#8221;off&#8221; button_two_border_radius__hover_enabled=&#8221;off&#8221; button_one_letter_spacing__hover_enabled=&#8221;off&#8221; button_two_letter_spacing__hover_enabled=&#8221;off&#8221; button_one_bg_color__hover_enabled=&#8221;off&#8221; button_two_bg_color__hover_enabled=&#8221;off&#8221; button_bg_enable_color__hover=&#8221;on&#8221;][\/et_pb_button][\/et_pb_column][et_pb_column type=&#8221;1_2&#8243; _builder_version=&#8221;4.16&#8243; custom_padding=&#8221;|||&#8221; global_colors_info=&#8221;{}&#8221; custom_padding__hover=&#8221;|||&#8221;][\/et_pb_column][\/et_pb_row][\/et_pb_section][et_pb_section fb_built=&#8221;1&#8243; admin_label=&#8221;Features&#8221; _builder_version=&#8221;4.21.0&#8243; global_colors_info=&#8221;{}&#8221;][et_pb_row column_structure=&#8221;1_3,1_3,1_3&#8243; use_custom_gutter=&#8221;on&#8221; gutter_width=&#8221;2&#8243; _builder_version=&#8221;4.21.0&#8243; use_custom_width=&#8221;on&#8221; custom_width_px=&#8221;1280px&#8221; global_colors_info=&#8221;{}&#8221;][et_pb_column type=&#8221;1_3&#8243; _builder_version=&#8221;4.16&#8243; custom_padding=&#8221;|||&#8221; global_colors_info=&#8221;{}&#8221; custom_padding__hover=&#8221;|||&#8221;][et_pb_blurb title=&#8221;Geowissen&#8221; image=&#8221;https:\/\/preview.geosite.at\/wp-content\/uploads\/2024\/05\/Geo-Wissen.svg&#8221; _builder_version=&#8221;4.21.0&#8243; _dynamic_attributes=&#8221;link_option_url&#8221; custom_padding=&#8221;|||24px&#8221; custom_padding_tablet=&#8221;|||24px&#8221; custom_padding_phone=&#8221;|||4px&#8221; custom_padding_last_edited=&#8221;on|phone&#8221; animation_style=&#8221;fold&#8221; animation_direction=&#8221;left&#8221; animation_intensity_fold=&#8221;10%&#8221; link_option_url=&#8221;@ET-DC@eyJkeW5hbWljIjp0cnVlLCJjb250ZW50IjoicG9zdF9saW5rX3VybF9wYWdlIiwic2V0dGluZ3MiOnsicG9zdF9pZCI6IjE0MzQifX0=@&#8221; border_color_all=&#8221;rgba(0,0,0,0.18)&#8221; border_style_all=&#8221;dotted&#8221; border_width_left=&#8221;2px&#8221; image_max_width=&#8221;100px&#8221; image_max_width_tablet=&#8221;&#8221; image_max_width_phone=&#8221;50px&#8221; image_max_width_last_edited=&#8221;on|phone&#8221; locked=&#8221;off&#8221; global_colors_info=&#8221;{}&#8221;]<\/p>\n<p style=\"text-align: justify;\">Erleben Sie im UNESCO Global Geopark die geologischen Prozesse und ihre Verbindung zu Klima und Umwelt.<\/p>\n<p>[\/et_pb_blurb][\/et_pb_column][et_pb_column type=&#8221;1_3&#8243; _builder_version=&#8221;4.16&#8243; custom_padding=&#8221;|||&#8221; global_colors_info=&#8221;{}&#8221; custom_padding__hover=&#8221;|||&#8221;][et_pb_blurb title=&#8221;Geoaktiv&#8221; image=&#8221;https:\/\/preview.geosite.at\/wp-content\/uploads\/2024\/05\/Geo-Aktiv.svg&#8221; _builder_version=&#8221;4.21.0&#8243; _dynamic_attributes=&#8221;link_option_url&#8221; custom_padding=&#8221;|||24px&#8221; custom_padding_tablet=&#8221;&#8221; custom_padding_phone=&#8221;|||4px&#8221; custom_padding_last_edited=&#8221;on|phone&#8221; animation_style=&#8221;fold&#8221; animation_direction=&#8221;left&#8221; animation_intensity_fold=&#8221;10%&#8221; link_option_url=&#8221;@ET-DC@eyJkeW5hbWljIjp0cnVlLCJjb250ZW50IjoicG9zdF9saW5rX3VybF9wYWdlIiwic2V0dGluZ3MiOnsicG9zdF9pZCI6IjE0MzMifX0=@&#8221; border_color_all=&#8221;rgba(0,0,0,0.18)&#8221; border_style_all=&#8221;dotted&#8221; border_width_left=&#8221;2px&#8221; image_max_width=&#8221;100px&#8221; image_max_width_tablet=&#8221;&#8221; image_max_width_phone=&#8221;50px&#8221; image_max_width_last_edited=&#8221;on|phone&#8221; global_colors_info=&#8221;{}&#8221;]<\/p>\n<p style=\"text-align: justify;\">Wandern, Radfahren, Klettern und geologische Ph\u00e4nomene hautnah. Tauchen Sie ein in die einzigartige Natur des Geoparks.<\/p>\n<p>[\/et_pb_blurb][\/et_pb_column][et_pb_column type=&#8221;1_3&#8243; _builder_version=&#8221;4.16&#8243; custom_padding=&#8221;|||&#8221; global_colors_info=&#8221;{}&#8221; custom_padding__hover=&#8221;|||&#8221;][et_pb_blurb title=&#8221;Geopark&#8221; image=&#8221;https:\/\/preview.geosite.at\/wp-content\/uploads\/2024\/05\/Geo-Park.svg&#8221; _builder_version=&#8221;4.21.0&#8243; _dynamic_attributes=&#8221;link_option_url&#8221; custom_padding=&#8221;|||24px&#8221; custom_padding_tablet=&#8221;&#8221; custom_padding_phone=&#8221;|||4px&#8221; custom_padding_last_edited=&#8221;on|phone&#8221; animation_style=&#8221;fold&#8221; animation_direction=&#8221;left&#8221; animation_intensity_fold=&#8221;10%&#8221; link_option_url=&#8221;@ET-DC@eyJkeW5hbWljIjp0cnVlLCJjb250ZW50IjoicG9zdF9saW5rX3VybF9wYWdlIiwic2V0dGluZ3MiOnsicG9zdF9pZCI6IjE3MTMifX0=@&#8221; border_color_all=&#8221;rgba(0,0,0,0.18)&#8221; border_style_all=&#8221;dotted&#8221; border_width_left=&#8221;2px&#8221; image_max_width=&#8221;100px&#8221; image_max_width_tablet=&#8221;&#8221; image_max_width_phone=&#8221;50px&#8221; image_max_width_last_edited=&#8221;on|phone&#8221; locked=&#8221;off&#8221; global_colors_info=&#8221;{}&#8221;]<\/p>\n<p style=\"text-align: justify;\">Erkunden Sie zusammen mit Ihrer Familie das Besucherzentrum, Schaubergwerke und den<br \/>60 km langen Erzweg.<\/p>\n<p>[\/et_pb_blurb][\/et_pb_column][\/et_pb_row][\/et_pb_section][et_pb_section fb_built=&#8221;1&#8243; specialty=&#8221;on&#8221; _builder_version=&#8221;4.21.0&#8243; _module_preset=&#8221;default&#8221; custom_padding=&#8221;87px|||||&#8221; global_colors_info=&#8221;{}&#8221;][et_pb_column type=&#8221;1_3&#8243; _builder_version=&#8221;4.16&#8243; custom_padding=&#8221;|||&#8221; global_colors_info=&#8221;{}&#8221; custom_padding__hover=&#8221;|||&#8221;][et_pb_image src=&#8221;https:\/\/preview.geosite.at\/wp-content\/uploads\/2024\/05\/startseite.jpg&#8221; title_text=&#8221;startseite&#8221; _builder_version=&#8221;4.21.0&#8243; _module_preset=&#8221;default&#8221; width=&#8221;100%&#8221; global_colors_info=&#8221;{}&#8221;][\/et_pb_image][\/et_pb_column][et_pb_column type=&#8221;2_3&#8243; specialty_columns=&#8221;2&#8243; _builder_version=&#8221;4.16&#8243; custom_padding=&#8221;|||&#8221; global_colors_info=&#8221;{}&#8221; custom_padding__hover=&#8221;|||&#8221;][et_pb_row_inner _builder_version=&#8221;4.21.0&#8243; _module_preset=&#8221;default&#8221; custom_margin=&#8221;0px||0px||false|false&#8221; custom_padding=&#8221;20px||0px||false|false&#8221; global_colors_info=&#8221;{}&#8221;][et_pb_column_inner saved_specialty_column_type=&#8221;2_3&#8243; _builder_version=&#8221;4.21.0&#8243; _module_preset=&#8221;default&#8221; global_colors_info=&#8221;{}&#8221;][et_pb_text _builder_version=&#8221;4.21.0&#8243; _module_preset=&#8221;default&#8221; global_colors_info=&#8221;{}&#8221;]<\/p>\n<h2>UNESCO Global Geoparks: Naturerlebnis und Wissensvermittlung<\/h2>\n<p>[\/et_pb_text][\/et_pb_column_inner][\/et_pb_row_inner][et_pb_row_inner column_structure=&#8221;1_2,1_2&#8243; _builder_version=&#8221;4.21.0&#8243; _module_preset=&#8221;default&#8221; custom_padding=&#8221;0px||0px||false|false&#8221; global_colors_info=&#8221;{}&#8221;][et_pb_column_inner type=&#8221;1_2&#8243; saved_specialty_column_type=&#8221;2_3&#8243; _builder_version=&#8221;4.21.0&#8243; _module_preset=&#8221;default&#8221; global_colors_info=&#8221;{}&#8221;][et_pb_text _builder_version=&#8221;4.21.0&#8243; _module_preset=&#8221;default&#8221; global_colors_info=&#8221;{}&#8221;]<\/p>\n<p style=\"text-align: justify;\">Die UNESCO Global Geoparks, wie der Erz der Alpen UNESCO Global Geopark, sind Gebiete au\u00dfergew\u00f6hnlicher geologischer Besonderheiten von internationaler und nationaler Bedeutung und gekennzeichnet durch eine gro\u00dfe Geo-Vielfalt. Aber auch andere Disziplinen wie z. B. Bergbau, Botanik, Arch\u00e4ologie oder Kulturgeschichte spielen dabei eine wichtige Rolle. Die Zusammenarbeit der UNESCO Geoparks mit den Universit\u00e4ten bringt immer wieder neue Erkenntnisse.<\/p>\n<p>[\/et_pb_text][\/et_pb_column_inner][et_pb_column_inner type=&#8221;1_2&#8243; saved_specialty_column_type=&#8221;2_3&#8243; _builder_version=&#8221;4.21.0&#8243; _module_preset=&#8221;default&#8221; global_colors_info=&#8221;{}&#8221;][et_pb_text _builder_version=&#8221;4.21.0&#8243; _module_preset=&#8221;default&#8221; custom_margin=&#8221;||60px||false|false&#8221; global_colors_info=&#8221;{}&#8221;]<\/p>\n<p style=\"text-align: justify;\">Ein UNESCO Geopark ist kein Museum, er ist eine Natur-Erleben-Werkst\u00e4tte, die vom Wissenschaftler bis zum interessierten Laien alle begeistert. Der wissenschaftliche Anspruch wird auf Schautafeln, Brosch\u00fcren, Karten oder B\u00fcchern allgemein verst\u00e4ndlich vermittelt. Erst dadurch beginnt ein Geopark wirklich zu leben.<\/p>\n<p>[\/et_pb_text][\/et_pb_column_inner][\/et_pb_row_inner][et_pb_row_inner column_structure=&#8221;1_2,1_2&#8243; _builder_version=&#8221;4.21.0&#8243; _module_preset=&#8221;default&#8221; custom_padding=&#8221;43px||3px|||&#8221; global_colors_info=&#8221;{}&#8221;][et_pb_column_inner type=&#8221;1_2&#8243; saved_specialty_column_type=&#8221;2_3&#8243; _builder_version=&#8221;4.21.0&#8243; _module_preset=&#8221;default&#8221; global_colors_info=&#8221;{}&#8221;][et_pb_text _builder_version=&#8221;4.21.0&#8243; _module_preset=&#8221;default&#8221; global_colors_info=&#8221;{}&#8221;]<\/p>\n<p style=\"text-align: justify;\">Der Erz der Alpen UNESCO Global Geopark lebt seit<span>\u00a0<\/span>vielen Jahren diese weltweite Idee, gemeinsam mit unseren Partnern<span>\u00a0<\/span>in Deutschland, dem\u00a0<span style=\"text-decoration: underline;\"><a href=\"https:\/\/www.geopark-thueringen.de\/\">Inselsberg \u2013 Drei Gleichen UNESCO Global Geopark<\/a><\/span>\u00a0in<span>\u00a0<\/span>Th\u00fcringen und dem\u00a0<span style=\"text-decoration: underline;\"><a href=\"https:\/\/geopark-porphyrland.de\/\">Nationalen Geopark Porphyrland<\/a><\/span>\u00a0in Sachsen sowie den<span>\u00a0<\/span>\u00f6sterreichischen <span><a href=\"https:\/\/www.geopark-karawanken.at\/de\/\"><span style=\"text-decoration: underline;\">UNESCO Global Geoparks Karawanken<\/span><\/a><\/span> und <span><a href=\"https:\/\/www.eisenwurzen.com\/\"><span style=\"text-decoration: underline;\">Steirische\u00a0Eisenwurzen<\/span><\/a><\/span>, wie auch dem <span style=\"text-decoration: underline;\"><a href=\"https:\/\/www.geopark-karnische-alpen.at\/Startseite.1447.0.html\">nationalen Geopark Karnische Alpen<\/a><\/span>. Neu<span>\u00a0<\/span>hinzugekommen im Jahre 2024 sind der <span><a href=\"https:\/\/www.geoparkvestjylland.com\/\"><span style=\"text-decoration: underline;\">Vestjylland UNESCO Global Geopark<\/span><\/a><\/span> in<span>\u00a0<\/span>D\u00e4nemark und der nationale Shiniuzhai Geopark in China.<\/p>\n<p>[\/et_pb_text][\/et_pb_column_inner][et_pb_column_inner type=&#8221;1_2&#8243; saved_specialty_column_type=&#8221;2_3&#8243; _builder_version=&#8221;4.21.0&#8243; _module_preset=&#8221;default&#8221; global_colors_info=&#8221;{}&#8221;][et_pb_text _builder_version=&#8221;4.21.0&#8243; _module_preset=&#8221;default&#8221; global_colors_info=&#8221;{}&#8221;]<\/p>\n<p style=\"text-align: justify;\">Die wichtigsten Aufgaben der Geoparks bestehen im Erhalt der Geopotenziale, der St\u00e4rkung der regionalen Entwicklung sowie der Umweltbildung und im Geotourismus. Ein Geopark ist somit ein UNESCO Pr\u00e4dikat, das man sich alle 4 Jahre wieder verdienen muss und keine Schutzkategorie wie ein Nationalpark, Naturpark oder Naturdenkmal. Er kann und soll nat\u00fcrlich solche Bestandsschutz-Elemente (Geosites) beinhalten, die auch im\u00a0Erz der Alpen UNESCO Global Geopark zu finden sind.<\/p>\n<p>[\/et_pb_text][\/et_pb_column_inner][\/et_pb_row_inner][\/et_pb_column][\/et_pb_section][et_pb_section fb_built=&#8221;1&#8243; admin_label=&#8221;Why Learn&#8221; _builder_version=&#8221;4.16&#8243; global_colors_info=&#8221;{}&#8221;][et_pb_row _builder_version=&#8221;4.16&#8243; global_colors_info=&#8221;{}&#8221;][et_pb_column type=&#8221;4_4&#8243; _builder_version=&#8221;4.16&#8243; custom_padding=&#8221;|||&#8221; global_colors_info=&#8221;{}&#8221; custom_padding__hover=&#8221;|||&#8221;][et_pb_text _builder_version=&#8221;4.21.0&#8243; global_colors_info=&#8221;{}&#8221;]<\/p>\n<h1>Erzweg<\/h1>\n<h2>60 spannende Wanderkilometer durch den Salzburger Pongau<\/h2>\n<p>[\/et_pb_text][\/et_pb_column][\/et_pb_row][et_pb_row column_structure=&#8221;1_3,1_3,1_3&#8243; _builder_version=&#8221;4.21.0&#8243; global_colors_info=&#8221;{}&#8221;][et_pb_column type=&#8221;1_3&#8243; _builder_version=&#8221;4.16&#8243; custom_padding=&#8221;|||&#8221; global_colors_info=&#8221;{}&#8221; custom_padding__hover=&#8221;|||&#8221;][et_pb_blurb title=&#8221;1. Etappe&#8221; image=&#8221;https:\/\/geopark-erzderalpen.at\/wp-content\/uploads\/2024\/05\/Etappe-1.png&#8221; _builder_version=&#8221;4.21.0&#8243; image_max_width=&#8221;100px&#8221; image_max_width_tablet=&#8221;&#8221; image_max_width_phone=&#8221;50px&#8221; image_max_width_last_edited=&#8221;on|phone&#8221; locked=&#8221;off&#8221; global_colors_info=&#8221;{}&#8221;]<\/p>\n<div>\n<p><span>H\u00f6chster Punkt &#8211; Hochgr\u00fcndeck (1.827 m)<br \/><\/span><span>Zielpunkt -Heinrich Kiener Haus <\/span><\/p>\n<\/div>\n<div><\/div>\n<p>[\/et_pb_blurb][\/et_pb_column][et_pb_column type=&#8221;1_3&#8243; _builder_version=&#8221;4.16&#8243; custom_padding=&#8221;|||&#8221; global_colors_info=&#8221;{}&#8221; custom_padding__hover=&#8221;|||&#8221;][et_pb_blurb title=&#8221;2. Etappe&#8221; image=&#8221;https:\/\/geopark-erzderalpen.at\/wp-content\/uploads\/2024\/05\/Etappe-2.png&#8221; _builder_version=&#8221;4.21.0&#8243; image_max_width=&#8221;100px&#8221; image_max_width_tablet=&#8221;&#8221; image_max_width_phone=&#8221;50px&#8221; image_max_width_last_edited=&#8221;on|phone&#8221; locked=&#8221;off&#8221; global_colors_info=&#8221;{}&#8221;]<\/p>\n<p><span>H\u00f6chster Punkt \u2013 Hochgr\u00fcndeck (1.827 m)<br \/><\/span>Zielpunkt &#8211; Bischofshofen Besucherzentrum<\/p>\n<p>[\/et_pb_blurb][\/et_pb_column][et_pb_column type=&#8221;1_3&#8243; _builder_version=&#8221;4.16&#8243; custom_padding=&#8221;|||&#8221; global_colors_info=&#8221;{}&#8221; custom_padding__hover=&#8221;|||&#8221;][et_pb_blurb title=&#8221;3. Etappe&#8221; image=&#8221;https:\/\/geopark-erzderalpen.at\/wp-content\/uploads\/2024\/05\/Etappe-3.png&#8221; _builder_version=&#8221;4.21.0&#8243; image_max_width=&#8221;100px&#8221; image_max_width_tablet=&#8221;&#8221; image_max_width_phone=&#8221;50px&#8221; image_max_width_last_edited=&#8221;on|phone&#8221; locked=&#8221;off&#8221; global_colors_info=&#8221;{}&#8221;]<\/p>\n<p><span>H\u00f6chster Punkt &#8211; Arthurhaus (1.502 m) <br \/><\/span><span>Zielpunkt \u2013 Arthurhaus in M\u00fchlbach am Hochk\u00f6nig <\/span><\/p>\n<p>[\/et_pb_blurb][\/et_pb_column][\/et_pb_row][et_pb_row column_structure=&#8221;1_3,1_3,1_3&#8243; _builder_version=&#8221;4.21.0&#8243; global_colors_info=&#8221;{}&#8221;][et_pb_column type=&#8221;1_3&#8243; _builder_version=&#8221;4.16&#8243; custom_padding=&#8221;|||&#8221; global_colors_info=&#8221;{}&#8221; custom_padding__hover=&#8221;|||&#8221;][et_pb_blurb title=&#8221;4. Etappe&#8221; image=&#8221;https:\/\/geopark-erzderalpen.at\/wp-content\/uploads\/2024\/05\/Etappe-4.png&#8221; _builder_version=&#8221;4.21.0&#8243; image_max_width=&#8221;100px&#8221; image_max_width_tablet=&#8221;&#8221; image_max_width_phone=&#8221;50px&#8221; image_max_width_last_edited=&#8221;on|phone&#8221; locked=&#8221;off&#8221; global_colors_info=&#8221;{}&#8221;]<\/p>\n<p><span>H\u00f6chster Punkt &#8211; Arthurhaus (1.502 m)<br \/><\/span>Zielpunkt: M\u00fchlbach am Hochk\u00f6nig <\/p>\n<p>[\/et_pb_blurb][\/et_pb_column][et_pb_column type=&#8221;1_3&#8243; _builder_version=&#8221;4.16&#8243; custom_padding=&#8221;|||&#8221; global_colors_info=&#8221;{}&#8221; custom_padding__hover=&#8221;|||&#8221;][et_pb_blurb title=&#8221;5. Etappe&#8221; image=&#8221;https:\/\/geopark-erzderalpen.at\/wp-content\/uploads\/2024\/05\/Etappe-5.png&#8221; _builder_version=&#8221;4.21.0&#8243; image_max_width=&#8221;100px&#8221; image_max_width_tablet=&#8221;&#8221; image_max_width_phone=&#8221;50px&#8221; image_max_width_last_edited=&#8221;on|phone&#8221; locked=&#8221;off&#8221; global_colors_info=&#8221;{}&#8221;]<\/p>\n<p><span>H\u00f6chster Punkt \u2013 Ruheoase am Weg zur Pronebenalm (1.405 m)<br \/><\/span><span>Zielpunkt \u2013 Seelackenmuseum in St. Veit im Pongau<\/span><\/p>\n<p>[\/et_pb_blurb][\/et_pb_column][et_pb_column type=&#8221;1_3&#8243; _builder_version=&#8221;4.16&#8243; custom_padding=&#8221;|||&#8221; global_colors_info=&#8221;{}&#8221; custom_padding__hover=&#8221;|||&#8221;][\/et_pb_column][\/et_pb_row][\/et_pb_section][et_pb_section fb_built=&#8221;1&#8243; _builder_version=&#8221;4.21.0&#8243; _module_preset=&#8221;default&#8221; global_colors_info=&#8221;{}&#8221;][et_pb_row _builder_version=&#8221;4.21.0&#8243; _module_preset=&#8221;default&#8221; global_colors_info=&#8221;{}&#8221;][et_pb_column type=&#8221;4_4&#8243; _builder_version=&#8221;4.21.0&#8243; _module_preset=&#8221;default&#8221; global_colors_info=&#8221;{}&#8221;][et_pb_code _builder_version=&#8221;4.21.0&#8243; _module_preset=&#8221;default&#8221; global_colors_info=&#8221;{}&#8221;]<div class=\"hero-section\"><div class=\"card-grid\"><a class=\"card\" href=\"\/erzweg\/\"><div class=\"card__background\" style=\"background-image: url(https:\/\/geopark-erzderalpen.at\/wp-content\/uploads\/2023\/05\/Larzenbach.jpg)\"><\/div><div class=\"card__content\"><p class=\"card__category\">Erzweg<\/p><h3 class=\"card__heading\">60 km durch den Pongau<\/h3><\/div><\/a><a class=\"card\" href=\"\/news\/\"><div class=\"card__background\" style=\"background-image: url(https:\/\/geopark-erzderalpen.at\/wp-content\/uploads\/2024\/04\/IMG_6086scaled.jpg)\"><\/div><div class=\"card__content\"><p class=\"card__category\">News<\/p><h3 class=\"card__heading\">Neues im Geopark<\/h3><\/div><\/a><a class=\"card\" href=\"\/events\/\"><div class=\"card__background\" style=\"background-image: url(https:\/\/geopark-erzderalpen.at\/wp-content\/uploads\/2024\/04\/500-jahre-feier.jpeg)\"><\/div><div class=\"card__content\"><p class=\"card__category\">Events<\/p><h3 class=\"card__heading\">Veranstaltungen 2026<\/h3><\/div><\/a><\/div><\/div>[\/et_pb_code][\/et_pb_column][\/et_pb_row][\/et_pb_section]<\/p>\n","protected":false},"excerpt":{"rendered":"<p>Erz der Alpen UNESCO Global Geopark Herzlich Willkommen im Erz der Alpen UNESCO Global Geopark im Salzburger Pongau. Dieses Gebiet, bekannt f\u00fcr Wintersport und Naturerholung, war fr\u00fcher eine Bergbauregion, in [&hellip;]<\/p>\n","protected":false},"author":1,"featured_media":0,"parent":0,"menu_order":0,"comment_status":"closed","ping_status":"closed","template":"","meta":{"_et_pb_use_builder":"on","_et_pb_old_content":"","_et_gb_content_width":"","_price":"","_stock":"","_tribe_ticket_header":"","_tribe_default_ticket_provider":"","_tribe_ticket_capacity":"0","_ticket_start_date":"","_ticket_end_date":"","_tribe_ticket_show_description":"","_tribe_ticket_show_not_going":false,"_tribe_ticket_use_global_stock":"","_tribe_ticket_global_stock_level":"","_global_stock_mode":"","_global_stock_cap":"","_tribe_rsvp_for_event":"","_tribe_ticket_going_count":"","_tribe_ticket_not_going_count":"","_tribe_tickets_list":"[]","_tribe_ticket_has_attendee_info_fields":false,"footnotes":""},"class_list":["post-1454","page","type-page","status-publish","hentry"],"acf":[],"ticketed":false,"_links":{"self":[{"href":"https:\/\/geopark-erzderalpen.at\/en\/wp-json\/wp\/v2\/pages\/1454","targetHints":{"allow":["GET"]}}],"collection":[{"href":"https:\/\/geopark-erzderalpen.at\/en\/wp-json\/wp\/v2\/pages"}],"about":[{"href":"https:\/\/geopark-erzderalpen.at\/en\/wp-json\/wp\/v2\/types\/page"}],"author":[{"embeddable":true,"href":"https:\/\/geopark-erzderalpen.at\/en\/wp-json\/wp\/v2\/users\/1"}],"replies":[{"embeddable":true,"href":"https:\/\/geopark-erzderalpen.at\/en\/wp-json\/wp\/v2\/comments?post=1454"}],"version-history":[{"count":79,"href":"https:\/\/geopark-erzderalpen.at\/en\/wp-json\/wp\/v2\/pages\/1454\/revisions"}],"predecessor-version":[{"id":3559,"href":"https:\/\/geopark-erzderalpen.at\/en\/wp-json\/wp\/v2\/pages\/1454\/revisions\/3559"}],"wp:attachment":[{"href":"https:\/\/geopark-erzderalpen.at\/en\/wp-json\/wp\/v2\/media?parent=1454"}],"curies":[{"name":"wp","href":"https:\/\/api.w.org\/{rel}","templated":true}]}}