{"id":1606,"date":"2024-04-17T16:45:39","date_gmt":"2024-04-17T14:45:39","guid":{"rendered":"https:\/\/preview.geosite.at\/?page_id=1606"},"modified":"2026-03-02T09:19:46","modified_gmt":"2026-03-02T08:19:46","slug":"museen","status":"publish","type":"page","link":"https:\/\/geopark-erzderalpen.at\/en\/museen\/","title":{"rendered":"Museums"},"content":{"rendered":"<p>[et_pb_section fb_built=&#8221;1&#8243; _builder_version=&#8221;4.21.0&#8243; _module_preset=&#8221;default&#8221; custom_padding=&#8221;||0px|||&#8221; global_colors_info=&#8221;{}&#8221;][et_pb_row _builder_version=&#8221;4.21.0&#8243; _module_preset=&#8221;default&#8221; custom_padding=&#8221;||0px|||&#8221; global_colors_info=&#8221;{}&#8221;][et_pb_column type=&#8221;4_4&#8243; _builder_version=&#8221;4.21.0&#8243; _module_preset=&#8221;default&#8221; global_colors_info=&#8221;{}&#8221;][et_pb_text _builder_version=&#8221;4.21.0&#8243; _module_preset=&#8221;default&#8221; global_colors_info=&#8221;{}&#8221;]<\/p>\n<h1>Museen<\/h1>\n<p>[\/et_pb_text][\/et_pb_column][\/et_pb_row][\/et_pb_section][et_pb_section fb_built=&#8221;1&#8243; _builder_version=&#8221;4.21.0&#8243; _module_preset=&#8221;default&#8221; custom_padding=&#8221;0px|||||&#8221; global_colors_info=&#8221;{}&#8221;][et_pb_row column_structure=&#8221;2_5,3_5&#8243; _builder_version=&#8221;4.21.0&#8243; _module_preset=&#8221;default&#8221; global_colors_info=&#8221;{}&#8221;][et_pb_column type=&#8221;2_5&#8243; _builder_version=&#8221;4.21.0&#8243; _module_preset=&#8221;default&#8221; custom_padding=&#8221;15px||15px||true|false&#8221; global_colors_info=&#8221;{}&#8221;][et_pb_image src=&#8221;https:\/\/preview.geosite.at\/wp-content\/uploads\/2024\/04\/kupferzeche.png&#8221; alt=&#8221;Viele wertvolle Steine in Glasvitrine&#8221; title_text=&#8221;kupferzeche&#8221; disabled_on=&#8221;on|on|off&#8221; _builder_version=&#8221;4.21.0&#8243; _module_preset=&#8221;default&#8221; global_colors_info=&#8221;{}&#8221;][\/et_pb_image][\/et_pb_column][et_pb_column type=&#8221;3_5&#8243; _builder_version=&#8221;4.21.0&#8243; _module_preset=&#8221;default&#8221; global_colors_info=&#8221;{}&#8221;][et_pb_text _builder_version=&#8221;4.21.0&#8243; _module_preset=&#8221;default&#8221; global_colors_info=&#8221;{}&#8221;]<\/p>\n<h2>Museum \u201cErze, Gold und Mineralien\u201d in H\u00fcttau<\/h2>\n<p>[\/et_pb_text][et_pb_image src=&#8221;https:\/\/preview.geosite.at\/wp-content\/uploads\/2024\/04\/kupferzeche.png&#8221; title_text=&#8221;kupferzeche&#8221; disabled_on=&#8221;off|off|on&#8221; _builder_version=&#8221;4.21.0&#8243; _module_preset=&#8221;default&#8221; global_colors_info=&#8221;{}&#8221;][\/et_pb_image][et_pb_text _builder_version=&#8221;4.21.0&#8243; _module_preset=&#8221;default&#8221; hover_enabled=&#8221;0&#8243; global_colors_info=&#8221;{}&#8221; sticky_enabled=&#8221;0&#8243;]<\/p>\n<p style=\"text-align: justify;\">Sie geh\u00f6ren zusammen: Das Schaubergwerk Kupferzeche und das Museum &#8220;Erze, Gold und Mineralien&#8221; in H\u00fcttau, untergebracht im ehemaligen Gewerkenhaus im Ortszentrum. Das war das Haus der ehemaligen Betreiber der Kupferzeche aus dem Jahr 1594. Das Museum beherbergt eine gro\u00dfe Schausammlung, zusammengestellt vom ehemaligen Bergmann Rainer Mrazek. Als jahrzehntelanger\u202fMineraliensammler und Idealist war er Begr\u00fcnder des Museums und\u202fauch die treibende Kraft zur seinerzeitigen Wiedergew\u00e4ltigung (Wiederherstellung) und Er\u00f6ffnung\u202fder Kupferzeche als Schaubergwerk.<\/p>\n<p>[\/et_pb_text][et_pb_blurb image=&#8221;https:\/\/preview.geosite.at\/wp-content\/uploads\/2024\/04\/info_blue.svg&#8221; image_icon_width_tablet=&#8221;40px&#8221; image_icon_width_phone=&#8221;45px&#8221; _builder_version=&#8221;4.21.0&#8243; _module_preset=&#8221;1b866bec-d86f-4a22-903a-56afbc6ac59b&#8221; header_font=&#8221;|700|||||||&#8221; image_max_width=&#8221;100px&#8221; image_max_width_tablet=&#8221;&#8221; image_max_width_phone=&#8221;50px&#8221; image_max_width_last_edited=&#8221;on|phone&#8221; locked=&#8221;off&#8221; global_colors_info=&#8221;{}&#8221; header_font_size__hover_enabled=&#8221;off|desktop&#8221;]<\/p>\n<h3><span style=\"font-size: large;\">Weitere Informationen zu den \u00d6ffnungszeiten und Preisen finden Sie hier:<\/span><\/h3>\n<p>[\/et_pb_blurb][et_pb_button button_url=&#8221;https:\/\/www.kupferzeche.at\/museum\/index.htm%22\/t-%22_blank&#8221; url_new_window=&#8221;on&#8221; button_text=&#8221;Zur Website&#8221; _builder_version=&#8221;4.21.0&#8243; button_text_size=&#8221;14px&#8221; button_bg_color=&#8221;#2B96CE&#8221; custom_margin=&#8221;|||50px|false|false&#8221; custom_padding=&#8221;11px|25px|11px|25px|true|true&#8221; button_letter_spacing_hover=&#8221;1px&#8221; locked=&#8221;off&#8221; global_colors_info=&#8221;{}&#8221; button_text_size__hover_enabled=&#8221;off&#8221; button_one_text_size__hover_enabled=&#8221;off&#8221; button_two_text_size__hover_enabled=&#8221;off&#8221; button_text_color__hover_enabled=&#8221;off&#8221; button_one_text_color__hover_enabled=&#8221;off&#8221; button_two_text_color__hover_enabled=&#8221;off&#8221; button_border_width__hover_enabled=&#8221;off&#8221; button_one_border_width__hover_enabled=&#8221;off&#8221; button_two_border_width__hover_enabled=&#8221;off&#8221; button_border_color__hover_enabled=&#8221;off&#8221; button_one_border_color__hover_enabled=&#8221;off&#8221; button_two_border_color__hover_enabled=&#8221;off&#8221; button_border_radius__hover_enabled=&#8221;off&#8221; button_one_border_radius__hover_enabled=&#8221;off&#8221; button_two_border_radius__hover_enabled=&#8221;off&#8221; button_one_letter_spacing__hover_enabled=&#8221;off&#8221; button_two_letter_spacing__hover_enabled=&#8221;off&#8221; button_one_bg_color__hover_enabled=&#8221;off&#8221; button_two_bg_color__hover_enabled=&#8221;off&#8221; button_bg_color__hover=&#8221;#57addb&#8221; button_bg_enable_color__hover=&#8221;on&#8221;][\/et_pb_button][\/et_pb_column][\/et_pb_row][\/et_pb_section][et_pb_section fb_built=&#8221;1&#8243; _builder_version=&#8221;4.21.0&#8243; _module_preset=&#8221;default&#8221; custom_padding=&#8221;0px||1px|||&#8221; global_colors_info=&#8221;{}&#8221;][et_pb_row column_structure=&#8221;3_5,2_5&#8243; _builder_version=&#8221;4.21.0&#8243; _module_preset=&#8221;default&#8221; global_colors_info=&#8221;{}&#8221;][et_pb_column type=&#8221;3_5&#8243; _builder_version=&#8221;4.21.0&#8243; _module_preset=&#8221;default&#8221; global_colors_info=&#8221;{}&#8221;][et_pb_text _builder_version=&#8221;4.21.0&#8243; _module_preset=&#8221;default&#8221; global_colors_info=&#8221;{}&#8221;]<\/p>\n<h3>Bergbaumuseum in M\u00fchlbach am Hochk\u00f6nig<\/h3>\n<p>[\/et_pb_text][et_pb_image src=&#8221;https:\/\/preview.geosite.at\/wp-content\/uploads\/2024\/04\/museum_muehlbach.png&#8221; title_text=&#8221;museum_m\u00fchlbach&#8221; disabled_on=&#8221;off|off|on&#8221; _builder_version=&#8221;4.21.0&#8243; _module_preset=&#8221;default&#8221; global_colors_info=&#8221;{}&#8221;][\/et_pb_image][et_pb_text _builder_version=&#8221;4.21.0&#8243; _module_preset=&#8221;default&#8221; global_colors_info=&#8221;{}&#8221;]<\/p>\n<p style=\"text-align: justify;\"><span>Das Bergbaumuseum <\/span><span>in M\u00fchlbach\u202fist im\u202fehemaligen Knappenheim\u202funtergebracht. Der Ausstellungsraum beherbergt Informationen \u00fcber Montantechnik und \u2013geschichte. Pr\u00e4sentiert werden Exponate, welche einen Zeitraum von 4.000 Jahren Bergbaugeschichte repr\u00e4sentieren. Ein weiterer Raum ist ausschlie\u00dflich der Geologie und der Mineralogie gewidmet. Neben geologischen Informationstafeln sind Mineralien vor allem aus dem Mitterberger Bergbaurevier zu sehen.<br \/><\/span><span>Gro\u00dfexponate zum Angreifen sowie gesichertes uranhaltiges Gestein mit Geigerz\u00e4hlrohr, runden das Angebot ab. Aber auch die Sozialgeschichte der hier lebenden Menschen wird pr\u00e4sentiert \u2013 so auch die Entwicklung der Skigeschichte rund um \u201cBubi Bradl\u201d und der Musikkapellen von M\u00fchlbach am Hochk\u00f6nig.\u00a0<\/span><\/p>\n<p>[\/et_pb_text][et_pb_blurb image=&#8221;https:\/\/preview.geosite.at\/wp-content\/uploads\/2024\/04\/info_green.svg&#8221; _builder_version=&#8221;4.21.0&#8243; _module_preset=&#8221;1b866bec-d86f-4a22-903a-56afbc6ac59b&#8221; image_max_width=&#8221;100px&#8221; image_max_width_tablet=&#8221;&#8221; image_max_width_phone=&#8221;50px&#8221; image_max_width_last_edited=&#8221;on|phone&#8221; locked=&#8221;off&#8221; global_colors_info=&#8221;{}&#8221;]<\/p>\n<h3><span style=\"font-size: large;\">Weitere Informationen zu den \u00d6ffnungszeiten und Preisen finden Sie hier:<\/span><\/h3>\n<p>[\/et_pb_blurb][et_pb_button button_url=&#8221;https:\/\/www.museum-hochkoenig.com\/kopie-von-preise-oeffnungszeiten-au&#8221; url_new_window=&#8221;on&#8221; button_text=&#8221;Zur Website&#8221; _builder_version=&#8221;4.21.0&#8243; button_text_size=&#8221;14px&#8221; button_bg_color=&#8221;#4BA834&#8243; custom_margin=&#8221;|||50px|false|false&#8221; custom_padding=&#8221;11px|25px|11px|25px|true|true&#8221; button_letter_spacing_hover=&#8221;1px&#8221; locked=&#8221;off&#8221; global_colors_info=&#8221;{}&#8221; button_text_size__hover_enabled=&#8221;off&#8221; button_one_text_size__hover_enabled=&#8221;off&#8221; button_two_text_size__hover_enabled=&#8221;off&#8221; button_text_color__hover_enabled=&#8221;off&#8221; button_one_text_color__hover_enabled=&#8221;off&#8221; button_two_text_color__hover_enabled=&#8221;off&#8221; button_border_width__hover_enabled=&#8221;off&#8221; button_one_border_width__hover_enabled=&#8221;off&#8221; button_two_border_width__hover_enabled=&#8221;off&#8221; button_border_color__hover_enabled=&#8221;off&#8221; button_one_border_color__hover_enabled=&#8221;off&#8221; button_two_border_color__hover_enabled=&#8221;off&#8221; button_border_radius__hover_enabled=&#8221;off&#8221; button_one_border_radius__hover_enabled=&#8221;off&#8221; button_two_border_radius__hover_enabled=&#8221;off&#8221; button_one_letter_spacing__hover_enabled=&#8221;off&#8221; button_two_letter_spacing__hover_enabled=&#8221;off&#8221; button_one_bg_color__hover_enabled=&#8221;off&#8221; button_two_bg_color__hover_enabled=&#8221;off&#8221; button_bg_color__hover=&#8221;#7DB536&#8243; button_bg_enable_color__hover=&#8221;on&#8221;][\/et_pb_button][\/et_pb_column][et_pb_column type=&#8221;2_5&#8243; _builder_version=&#8221;4.21.0&#8243; _module_preset=&#8221;default&#8221; custom_padding=&#8221;24px||24px||true|false&#8221; global_colors_info=&#8221;{}&#8221;][et_pb_image src=&#8221;https:\/\/preview.geosite.at\/wp-content\/uploads\/2024\/04\/museum_muehlbach.png&#8221; alt=&#8221;Verschiedene wertvolle Gegenst\u00e4nde in Glasvitrinen&#8221; title_text=&#8221;museum_m\u00fchlbach&#8221; disabled_on=&#8221;on|on|off&#8221; _builder_version=&#8221;4.21.0&#8243; _module_preset=&#8221;default&#8221; global_colors_info=&#8221;{}&#8221;][\/et_pb_image][\/et_pb_column][\/et_pb_row][\/et_pb_section][et_pb_section fb_built=&#8221;1&#8243; custom_padding_last_edited=&#8221;on|phone&#8221; _builder_version=&#8221;4.21.0&#8243; _module_preset=&#8221;default&#8221; custom_padding=&#8221;||||false|false&#8221; custom_padding_tablet=&#8221;||||false|false&#8221; custom_padding_phone=&#8221;0px||||false|false&#8221; global_colors_info=&#8221;{}&#8221;][et_pb_row column_structure=&#8221;2_5,3_5&#8243; _builder_version=&#8221;4.21.0&#8243; _module_preset=&#8221;default&#8221; custom_padding=&#8221;0px|||||&#8221; global_colors_info=&#8221;{}&#8221;][et_pb_column type=&#8221;2_5&#8243; _builder_version=&#8221;4.21.0&#8243; _module_preset=&#8221;default&#8221; custom_padding=&#8221;15px||15px||true|false&#8221; global_colors_info=&#8221;{}&#8221;][et_pb_image src=&#8221;https:\/\/preview.geosite.at\/wp-content\/uploads\/2024\/04\/IMG_5944-scaled-1.jpg&#8221; alt=&#8221;Altes Haus von au\u00dfen&#8221; title_text=&#8221;IMG_5944-scaled&#8221; disabled_on=&#8221;on|on|off&#8221; _builder_version=&#8221;4.21.0&#8243; _module_preset=&#8221;default&#8221; global_colors_info=&#8221;{}&#8221;][\/et_pb_image][\/et_pb_column][et_pb_column type=&#8221;3_5&#8243; _builder_version=&#8221;4.21.0&#8243; _module_preset=&#8221;default&#8221; global_colors_info=&#8221;{}&#8221;][et_pb_text _builder_version=&#8221;4.21.0&#8243; _module_preset=&#8221;default&#8221; global_colors_info=&#8221;{}&#8221;]<\/p>\n<h3><strong>Seelackenmuseum in St. Veit im Pongau<\/strong><\/h3>\n<p>[\/et_pb_text][et_pb_image src=&#8221;https:\/\/preview.geosite.at\/wp-content\/uploads\/2024\/04\/IMG_5944-scaled-1.jpg&#8221; title_text=&#8221;IMG_5944-scaled&#8221; disabled_on=&#8221;off|off|on&#8221; _builder_version=&#8221;4.21.0&#8243; _module_preset=&#8221;default&#8221; locked=&#8221;off&#8221; global_colors_info=&#8221;{}&#8221;][\/et_pb_image][et_pb_text _builder_version=&#8221;4.21.0&#8243; _module_preset=&#8221;default&#8221; global_colors_info=&#8221;{}&#8221;]<\/p>\n<p style=\"text-align: justify;\"><span>Das\u00a0<\/span>Seelackenmuseum<span> in St. Veit im Pongau ist im ehemaligen Wallnerbauernhaus untergebracht. Das 1738 erbaute Wallnerbauernhaus aus Schwarzach wurde 1988 abgetragen und originalgetreu am jetzigen Standort wiederaufgebaut. Nunmehr wird es als Museum, als Begegnungs- und Veranstaltungsort genutzt. Zusammen mit Troadkasten, Backofen, und einem Schulgarten ergibt sich ein sehenswertes Ensemble. <\/span><span>Schwerpunkte der Ausstellung sind die Volkskultur, Bergbau und Arch\u00e4ologie, Literatur, Landwirtschaft und immer wieder wechselnde Sonderausstellungen.<\/span><\/p>\n<p>[\/et_pb_text][et_pb_blurb image=&#8221;https:\/\/preview.geosite.at\/wp-content\/uploads\/2024\/04\/info_orange.svg&#8221; image_icon_width=&#8221;35px&#8221; image_icon_width_tablet=&#8221;40px&#8221; image_icon_width_phone=&#8221;45px&#8221; _builder_version=&#8221;4.21.0&#8243; header_font_size=&#8221;16px&#8221; custom_margin=&#8221;||-3px|||&#8221; custom_padding=&#8221;0px|||||&#8221; header_font_size_tablet=&#8221;&#8221; header_font_size_phone=&#8221;&#8221; header_font_size_last_edited=&#8221;on|desktop&#8221; image_max_width=&#8221;100px&#8221; image_max_width_tablet=&#8221;&#8221; image_max_width_phone=&#8221;50px&#8221; image_max_width_last_edited=&#8221;on|phone&#8221; locked=&#8221;off&#8221; global_colors_info=&#8221;{}&#8221; header_font_size__hover_enabled=&#8221;off|desktop&#8221;]<\/p>\n<h3><span style=\"font-size: large;\">Weitere Informationen zu den \u00d6ffnungszeiten und Preisen finden Sie hier:<\/span><\/h3>\n<p>[\/et_pb_blurb][et_pb_button button_url=&#8221;https:\/\/www.museumsverein-stveit.com\/besucherinfomuseum&#8221; url_new_window=&#8221;on&#8221; button_text=&#8221;Zur Website&#8221; _builder_version=&#8221;4.21.0&#8243; button_text_size=&#8221;14px&#8221; button_bg_color=&#8221;#E08A25&#8243; custom_margin=&#8221;|||50px|false|false&#8221; custom_padding=&#8221;11px|25px|11px|25px|true|true&#8221; button_letter_spacing_hover=&#8221;1px&#8221; locked=&#8221;off&#8221; global_colors_info=&#8221;{}&#8221; button_text_size__hover_enabled=&#8221;off&#8221; button_one_text_size__hover_enabled=&#8221;off&#8221; button_two_text_size__hover_enabled=&#8221;off&#8221; button_text_color__hover_enabled=&#8221;off&#8221; button_one_text_color__hover_enabled=&#8221;off&#8221; button_two_text_color__hover_enabled=&#8221;off&#8221; button_border_width__hover_enabled=&#8221;off&#8221; button_one_border_width__hover_enabled=&#8221;off&#8221; button_two_border_width__hover_enabled=&#8221;off&#8221; button_border_color__hover_enabled=&#8221;off&#8221; button_one_border_color__hover_enabled=&#8221;off&#8221; button_two_border_color__hover_enabled=&#8221;off&#8221; button_border_radius__hover_enabled=&#8221;off&#8221; button_one_border_radius__hover_enabled=&#8221;off&#8221; button_two_border_radius__hover_enabled=&#8221;off&#8221; button_one_letter_spacing__hover_enabled=&#8221;off&#8221; button_two_letter_spacing__hover_enabled=&#8221;off&#8221; button_one_bg_color__hover_enabled=&#8221;off&#8221; button_two_bg_color__hover_enabled=&#8221;off&#8221; button_bg_color__hover=&#8221;#e3943b&#8221; button_bg_enable_color__hover=&#8221;on&#8221;][\/et_pb_button][\/et_pb_column][\/et_pb_row][\/et_pb_section]<\/p>\n","protected":false},"excerpt":{"rendered":"<p>MuseenMuseum \u201cErze, Gold und Mineralien\u201d in H\u00fcttauSie geh\u00f6ren zusammen: Das Schaubergwerk Kupferzeche und das Museum &#8220;Erze, Gold und Mineralien&#8221; in H\u00fcttau, untergebracht im ehemaligen Gewerkenhaus im Ortszentrum. Das war das [&hellip;]<\/p>\n","protected":false},"author":4,"featured_media":0,"parent":0,"menu_order":0,"comment_status":"closed","ping_status":"closed","template":"","meta":{"_et_pb_use_builder":"on","_et_pb_old_content":"","_et_gb_content_width":"","_price":"","_stock":"","_tribe_ticket_header":"","_tribe_default_ticket_provider":"","_tribe_ticket_capacity":"0","_ticket_start_date":"","_ticket_end_date":"","_tribe_ticket_show_description":"","_tribe_ticket_show_not_going":false,"_tribe_ticket_use_global_stock":"","_tribe_ticket_global_stock_level":"","_global_stock_mode":"","_global_stock_cap":"","_tribe_rsvp_for_event":"","_tribe_ticket_going_count":"","_tribe_ticket_not_going_count":"","_tribe_tickets_list":"[]","_tribe_ticket_has_attendee_info_fields":false,"footnotes":""},"class_list":["post-1606","page","type-page","status-publish","hentry"],"acf":[],"ticketed":false,"_links":{"self":[{"href":"https:\/\/geopark-erzderalpen.at\/en\/wp-json\/wp\/v2\/pages\/1606","targetHints":{"allow":["GET"]}}],"collection":[{"href":"https:\/\/geopark-erzderalpen.at\/en\/wp-json\/wp\/v2\/pages"}],"about":[{"href":"https:\/\/geopark-erzderalpen.at\/en\/wp-json\/wp\/v2\/types\/page"}],"author":[{"embeddable":true,"href":"https:\/\/geopark-erzderalpen.at\/en\/wp-json\/wp\/v2\/users\/4"}],"replies":[{"embeddable":true,"href":"https:\/\/geopark-erzderalpen.at\/en\/wp-json\/wp\/v2\/comments?post=1606"}],"version-history":[{"count":32,"href":"https:\/\/geopark-erzderalpen.at\/en\/wp-json\/wp\/v2\/pages\/1606\/revisions"}],"predecessor-version":[{"id":3588,"href":"https:\/\/geopark-erzderalpen.at\/en\/wp-json\/wp\/v2\/pages\/1606\/revisions\/3588"}],"wp:attachment":[{"href":"https:\/\/geopark-erzderalpen.at\/en\/wp-json\/wp\/v2\/media?parent=1606"}],"curies":[{"name":"wp","href":"https:\/\/api.w.org\/{rel}","templated":true}]}}