{"id":1607,"date":"2024-04-17T16:45:39","date_gmt":"2024-04-17T14:45:39","guid":{"rendered":"https:\/\/preview.geosite.at\/?page_id=1607"},"modified":"2026-03-02T09:22:13","modified_gmt":"2026-03-02T08:22:13","slug":"bergwerke","status":"publish","type":"page","link":"https:\/\/geopark-erzderalpen.at\/en\/bergwerke\/","title":{"rendered":"Show Mines"},"content":{"rendered":"<p>[et_pb_section fb_built=&#8221;1&#8243; _builder_version=&#8221;4.21.0&#8243; _module_preset=&#8221;default&#8221; custom_padding=&#8221;||0px|||&#8221; global_colors_info=&#8221;{}&#8221;][et_pb_row _builder_version=&#8221;4.21.0&#8243; _module_preset=&#8221;default&#8221; custom_padding=&#8221;||0px|||&#8221; global_colors_info=&#8221;{}&#8221;][et_pb_column type=&#8221;4_4&#8243; _builder_version=&#8221;4.21.0&#8243; _module_preset=&#8221;default&#8221; global_colors_info=&#8221;{}&#8221;][et_pb_text _builder_version=&#8221;4.21.0&#8243; _module_preset=&#8221;default&#8221; global_colors_info=&#8221;{}&#8221;]<\/p>\n<h1>Schaubergwerke<\/h1>\n<p>[\/et_pb_text][\/et_pb_column][\/et_pb_row][\/et_pb_section][et_pb_section fb_built=&#8221;1&#8243; _builder_version=&#8221;4.21.0&#8243; _module_preset=&#8221;default&#8221; custom_padding=&#8221;0px|||||&#8221; global_colors_info=&#8221;{}&#8221;][et_pb_row column_structure=&#8221;2_5,3_5&#8243; _builder_version=&#8221;4.21.0&#8243; _module_preset=&#8221;default&#8221; global_colors_info=&#8221;{}&#8221;][et_pb_column type=&#8221;2_5&#8243; _builder_version=&#8221;4.21.0&#8243; _module_preset=&#8221;default&#8221; custom_padding=&#8221;15px||15px||true|false&#8221; global_colors_info=&#8221;{}&#8221;][et_pb_image src=&#8221;https:\/\/preview.geosite.at\/wp-content\/uploads\/2024\/04\/Larzenbach.jpg&#8221; alt=&#8221;Stollen, Holztreppe nach oben&#8221; title_text=&#8221;Larzenbach&#8221; disabled_on=&#8221;on|on|off&#8221; _builder_version=&#8221;4.21.0&#8243; _module_preset=&#8221;default&#8221; global_colors_info=&#8221;{}&#8221;][\/et_pb_image][\/et_pb_column][et_pb_column type=&#8221;3_5&#8243; _builder_version=&#8221;4.21.0&#8243; _module_preset=&#8221;default&#8221; global_colors_info=&#8221;{}&#8221;][et_pb_text _builder_version=&#8221;4.21.0&#8243; _module_preset=&#8221;default&#8221; hover_enabled=&#8221;0&#8243; global_colors_info=&#8221;{}&#8221; sticky_enabled=&#8221;0&#8243;]<\/p>\n<h2><strong>Schaubergwerk Kupferzeche in H\u00fcttau<\/strong><\/h2>\n<p>[\/et_pb_text][et_pb_image src=&#8221;https:\/\/preview.geosite.at\/wp-content\/uploads\/2024\/04\/Larzenbach.jpg&#8221; title_text=&#8221;Larzenbach&#8221; disabled_on=&#8221;off|off|on&#8221; _builder_version=&#8221;4.21.0&#8243; _module_preset=&#8221;default&#8221; global_colors_info=&#8221;{}&#8221;][\/et_pb_image][et_pb_text _builder_version=&#8221;4.21.0&#8243; _module_preset=&#8221;default&#8221; global_colors_info=&#8221;{}&#8221;]<\/p>\n<div class=\"wp-block-column is-vertically-aligned-center is-layout-flow wp-block-column-is-layout-flow\">\n<p>Man wandert treppauf, treppab durch das \u00fcber die Jahrhunderte m\u00fchevoll entstandene Bergwerk am Larzenbach in H\u00fcttau und taucht ein in die faszinierende mittelalterliche Arbeitswelt der Bergknappen. \u00d6sterreichs sch\u00f6nster Kupfererzgang und die Farbenpracht der Mineralien sind die H\u00f6hepunkte der F\u00fchrung durch unser Schaubergwerk Kupferzeche.<\/p>\n<\/div>\n<div class=\"wp-block-column is-vertically-aligned-center is-layout-flow wp-block-column-is-layout-flow\">\n<p>Bei konstanten 7-8\u00b0C im Bergwerk empfehlen sich dringend warme Kleidung und festes Schuhwerk. Die Besichtigungen finden stets in Begleitung eines F\u00fchrers\/einer F\u00fchrerin statt und dauern etwa eine Stunde.\u00a0Um den Besuch im Schaubergwerk abzurunden, empfiehlt sich eine Besichtigung des Museum \u201cErze, Gold und Minerale\u201d.<\/p>\n<\/div>\n<p>[\/et_pb_text][et_pb_blurb image=&#8221;https:\/\/preview.geosite.at\/wp-content\/uploads\/2024\/04\/info_blue.svg&#8221; image_icon_width=&#8221;35px&#8221; _builder_version=&#8221;4.21.0&#8243; custom_margin=&#8221;||-3px|||&#8221; custom_padding=&#8221;0px|||||&#8221; header_font_size_tablet=&#8221;&#8221; header_font_size_phone=&#8221;&#8221; header_font_size_last_edited=&#8221;on|desktop&#8221; image_max_width=&#8221;100px&#8221; image_max_width_tablet=&#8221;&#8221; image_max_width_phone=&#8221;50px&#8221; image_max_width_last_edited=&#8221;on|phone&#8221; locked=&#8221;off&#8221; global_colors_info=&#8221;{}&#8221;]<\/p>\n<h3><span style=\"font-size: large;\">Weitere Informationen zu den \u00d6ffnungszeiten und Preisen finden Sie hier:<\/span><\/h3>\n<p>[\/et_pb_blurb][et_pb_button button_url=&#8221;https:\/\/www.kupferzeche.at\/oeffnungszeiten-und-preise&#8221; url_new_window=&#8221;on&#8221; button_text=&#8221;Zur Website&#8221; _builder_version=&#8221;4.21.0&#8243; button_text_size=&#8221;14px&#8221; button_bg_color=&#8221;#2B96CE&#8221; custom_margin=&#8221;|||55px|false|false&#8221; custom_padding=&#8221;11px|25px|11px|25px|true|true&#8221; button_letter_spacing_hover=&#8221;1px&#8221; locked=&#8221;off&#8221; global_colors_info=&#8221;{}&#8221; button_text_size__hover_enabled=&#8221;off&#8221; button_one_text_size__hover_enabled=&#8221;off&#8221; button_two_text_size__hover_enabled=&#8221;off&#8221; button_text_color__hover_enabled=&#8221;off&#8221; button_one_text_color__hover_enabled=&#8221;off&#8221; button_two_text_color__hover_enabled=&#8221;off&#8221; button_border_width__hover_enabled=&#8221;off&#8221; button_one_border_width__hover_enabled=&#8221;off&#8221; button_two_border_width__hover_enabled=&#8221;off&#8221; button_border_color__hover_enabled=&#8221;off&#8221; button_one_border_color__hover_enabled=&#8221;off&#8221; button_two_border_color__hover_enabled=&#8221;off&#8221; button_border_radius__hover_enabled=&#8221;off&#8221; button_one_border_radius__hover_enabled=&#8221;off&#8221; button_two_border_radius__hover_enabled=&#8221;off&#8221; button_one_letter_spacing__hover_enabled=&#8221;off&#8221; button_two_letter_spacing__hover_enabled=&#8221;off&#8221; button_one_bg_color__hover_enabled=&#8221;off&#8221; button_two_bg_color__hover_enabled=&#8221;off&#8221; button_bg_color__hover=&#8221;#57addb&#8221; button_bg_enable_color__hover=&#8221;on&#8221;][\/et_pb_button][\/et_pb_column][\/et_pb_row][\/et_pb_section][et_pb_section fb_built=&#8221;1&#8243; _builder_version=&#8221;4.21.0&#8243; _module_preset=&#8221;default&#8221; custom_padding=&#8221;0px||0px|||&#8221; global_colors_info=&#8221;{}&#8221;][et_pb_row column_structure=&#8221;3_5,2_5&#8243; _builder_version=&#8221;4.21.0&#8243; _module_preset=&#8221;default&#8221; global_colors_info=&#8221;{}&#8221;][et_pb_column type=&#8221;3_5&#8243; _builder_version=&#8221;4.21.0&#8243; _module_preset=&#8221;default&#8221; global_colors_info=&#8221;{}&#8221;][et_pb_text _builder_version=&#8221;4.21.0&#8243; _module_preset=&#8221;default&#8221; global_colors_info=&#8221;{}&#8221;]<\/p>\n<h2><strong>Schaustollen M\u00fchlbach am Hochk\u00f6nig<\/strong><\/h2>\n<p>[\/et_pb_text][et_pb_image src=&#8221;https:\/\/preview.geosite.at\/wp-content\/uploads\/2024\/04\/schaustollen.png&#8221; title_text=&#8221;schaustollen&#8221; disabled_on=&#8221;off|off|on&#8221; _builder_version=&#8221;4.21.0&#8243; _module_preset=&#8221;default&#8221; global_colors_info=&#8221;{}&#8221;][\/et_pb_image][et_pb_text _builder_version=&#8221;4.21.0&#8243; _module_preset=&#8221;default&#8221; global_colors_info=&#8221;{}&#8221;]<\/p>\n<p style=\"text-align: justify;\"><span>Der Schaustollen in M\u00fchlbach am Hochk\u00f6nig <\/span><span>vermittelt einen umfassenden Einblick in die Bergbautechniken der letzten Jahrtausende. In derzeit 15 Stationen sieht und erf\u00e4hrt man viel Wissenswertes \u00fcber Abbau-, Bohr-, Spreng- und F\u00f6rdertechnik des gr\u00f6\u00dften Kupferreviers in den Ostalpen, dem \u201cMitterberg\u201c in M\u00fchlbach am Hochk\u00f6nig. Einige Stationen simulieren die Arbeitsbedingungen unter Tage, damit Sie erfahren, wie die Bergleute fr\u00fcher arbeiteten. Nach dem Besuch des Johanna Stollens geht\u00b4s ins Bergbaumuseum im alten Knappenheim, wenige Gehminuten entfernt und mit seinen Inhalten stellt dieses die Erg\u00e4nzung zum Stollen dar.\u00a0 Hier wird sowohl die Bergbaugeschichte der Region aufgenommen aber auch aus dem Leben von Sepp \u201cBubi Bradl\u201d berichtet.<\/span><\/p>\n<p>[\/et_pb_text][et_pb_blurb image=&#8221;https:\/\/preview.geosite.at\/wp-content\/uploads\/2024\/04\/info_green.svg&#8221; image_icon_width=&#8221;35px&#8221; _builder_version=&#8221;4.21.0&#8243; custom_margin=&#8221;||-3px|||&#8221; custom_padding=&#8221;0px|||||&#8221; header_font_size_tablet=&#8221;&#8221; header_font_size_phone=&#8221;&#8221; header_font_size_last_edited=&#8221;on|desktop&#8221; image_max_width=&#8221;100px&#8221; image_max_width_tablet=&#8221;&#8221; image_max_width_phone=&#8221;50px&#8221; image_max_width_last_edited=&#8221;on|phone&#8221; locked=&#8221;off&#8221; global_colors_info=&#8221;{}&#8221;]<\/p>\n<h3><span style=\"font-size: large;\">Weitere Informationen zu den \u00d6ffnungszeiten und Preisen finden Sie hier:<\/span><\/h3>\n<p>[\/et_pb_blurb][et_pb_button button_url=&#8221;https:\/\/www.museum-hochkoenig.com\/&#8221; url_new_window=&#8221;on&#8221; button_text=&#8221;Zur Website&#8221; _builder_version=&#8221;4.21.0&#8243; button_text_size=&#8221;14px&#8221; button_bg_color=&#8221;#4BA834&#8243; custom_margin=&#8221;|||55px|false|false&#8221; custom_padding=&#8221;11px|25px|11px|25px|true|true&#8221; button_letter_spacing_hover=&#8221;1px&#8221; locked=&#8221;off&#8221; global_colors_info=&#8221;{}&#8221; button_text_size__hover_enabled=&#8221;off&#8221; button_one_text_size__hover_enabled=&#8221;off&#8221; button_two_text_size__hover_enabled=&#8221;off&#8221; button_text_color__hover_enabled=&#8221;off&#8221; button_one_text_color__hover_enabled=&#8221;off&#8221; button_two_text_color__hover_enabled=&#8221;off&#8221; button_border_width__hover_enabled=&#8221;off&#8221; button_one_border_width__hover_enabled=&#8221;off&#8221; button_two_border_width__hover_enabled=&#8221;off&#8221; button_border_color__hover_enabled=&#8221;off&#8221; button_one_border_color__hover_enabled=&#8221;off&#8221; button_two_border_color__hover_enabled=&#8221;off&#8221; button_border_radius__hover_enabled=&#8221;off&#8221; button_one_border_radius__hover_enabled=&#8221;off&#8221; button_two_border_radius__hover_enabled=&#8221;off&#8221; button_one_letter_spacing__hover_enabled=&#8221;off&#8221; button_two_letter_spacing__hover_enabled=&#8221;off&#8221; button_one_bg_color__hover_enabled=&#8221;off&#8221; button_two_bg_color__hover_enabled=&#8221;off&#8221; button_bg_color__hover=&#8221;#7DB536&#8243; button_bg_enable_color__hover=&#8221;on&#8221;][\/et_pb_button][\/et_pb_column][et_pb_column type=&#8221;2_5&#8243; _builder_version=&#8221;4.21.0&#8243; _module_preset=&#8221;default&#8221; custom_padding=&#8221;24px||24px||true|false&#8221; global_colors_info=&#8221;{}&#8221;][et_pb_image src=&#8221;https:\/\/preview.geosite.at\/wp-content\/uploads\/2024\/04\/schaustollen.png&#8221; alt=&#8221;Eisentor, Eingang zum Johanna Stollen&#8221; title_text=&#8221;schaustollen&#8221; disabled_on=&#8221;on|on|off&#8221; _builder_version=&#8221;4.21.0&#8243; _module_preset=&#8221;default&#8221; global_colors_info=&#8221;{}&#8221;][\/et_pb_image][\/et_pb_column][\/et_pb_row][\/et_pb_section][et_pb_section fb_built=&#8221;1&#8243; custom_padding_last_edited=&#8221;on|phone&#8221; _builder_version=&#8221;4.21.0&#8243; _module_preset=&#8221;default&#8221; custom_padding=&#8221;||||false|false&#8221; custom_padding_tablet=&#8221;||||false|false&#8221; custom_padding_phone=&#8221;0px||||false|false&#8221; global_colors_info=&#8221;{}&#8221;][et_pb_row column_structure=&#8221;2_5,3_5&#8243; _builder_version=&#8221;4.21.0&#8243; _module_preset=&#8221;default&#8221; custom_margin=&#8221;||-3px|||&#8221; custom_padding=&#8221;0px|||||&#8221; global_colors_info=&#8221;{}&#8221; image_icon_width_tablet=&#8221;100px&#8221; image_icon_width_phone=&#8221;50px&#8221; image_icon_width_last_edited=&#8221;on|phone&#8221; header_font_size_phone=&#8221;15px&#8221; header_font_size_last_edited=&#8221;on|desktop&#8221; body_line_height_phone=&#8221;1.6em&#8221; body_line_height_last_edited=&#8221;on|phone&#8221; header_font_size_tablet=&#8221;18px&#8221; body_line_height_tablet=&#8221;2em&#8221;][et_pb_column type=&#8221;2_5&#8243; _builder_version=&#8221;4.21.0&#8243; _module_preset=&#8221;default&#8221; custom_padding=&#8221;15px||15px||true|false&#8221; global_colors_info=&#8221;{}&#8221;][et_pb_image src=&#8221;https:\/\/preview.geosite.at\/wp-content\/uploads\/2024\/04\/sunnpau.png&#8221; alt=&#8221;Enger Bergwerksgang&#8221; title_text=&#8221;sunnpau&#8221; disabled_on=&#8221;on|on|off&#8221; _builder_version=&#8221;4.21.0&#8243; _module_preset=&#8221;default&#8221; global_colors_info=&#8221;{}&#8221;][\/et_pb_image][\/et_pb_column][et_pb_column type=&#8221;3_5&#8243; _builder_version=&#8221;4.21.0&#8243; _module_preset=&#8221;default&#8221; global_colors_info=&#8221;{}&#8221;][et_pb_text _builder_version=&#8221;4.21.0&#8243; _module_preset=&#8221;default&#8221; global_colors_info=&#8221;{}&#8221;]<\/p>\n<h2><strong>Schaubergwerk Sunnpau in St. Veit im Pongau<\/strong><\/h2>\n<p>[\/et_pb_text][et_pb_image src=&#8221;https:\/\/preview.geosite.at\/wp-content\/uploads\/2024\/04\/sunnpau.png&#8221; title_text=&#8221;sunnpau&#8221; disabled_on=&#8221;off|off|on&#8221; _builder_version=&#8221;4.21.0&#8243; _module_preset=&#8221;default&#8221; global_colors_info=&#8221;{}&#8221;][\/et_pb_image][et_pb_text _builder_version=&#8221;4.21.0&#8243; _module_preset=&#8221;default&#8221; global_colors_info=&#8221;{}&#8221;]<\/p>\n<div class=\"wp-block-column is-vertically-aligned-center is-layout-flow wp-block-column-is-layout-flow\">\n<p style=\"text-align: justify;\">In rund einer Stunde erleben sie 4.000 Jahre Bergbau im Schaubergwerk Sunnpau in St. Veit im Pongau. Von den urzeitlichen Anf\u00e4ngen mit Steinschl\u00e4gel, Holzkeil und Feuersetzung \u00fcber den Erzabbau mit Bergeisen und Mei\u00dfel, bis hin zum Einsatz des Sprengpulvers.\u202fAb 1500 vor Christus begann man mit dem Abbau unter Tage. Als um 800 vor Christus die Eisenverarbeitung entdeckt wurde, verlor Kupfer und damit auch der Bergbau in St. Veit im Pongau an Bedeutung. Erst im Mittelalter um 1300 nach Christus sch\u00fcrfte man erneut nach Kupfer, da dieses als Zugabe bei der Goldschmelze ben\u00f6tigt wurde. Erst 1875 wurde der Abbau in Sunnpau endg\u00fcltig stillgelegt.<\/p>\n<\/div>\n<p>[\/et_pb_text][et_pb_blurb image=&#8221;https:\/\/preview.geosite.at\/wp-content\/uploads\/2024\/04\/info_orange.svg&#8221; image_icon_width=&#8221;30px&#8221; _builder_version=&#8221;4.21.0&#8243; custom_margin=&#8221;||-3px|||&#8221; image_max_width=&#8221;100px&#8221; image_max_width_tablet=&#8221;&#8221; image_max_width_phone=&#8221;50px&#8221; image_max_width_last_edited=&#8221;on|phone&#8221; locked=&#8221;off&#8221; global_colors_info=&#8221;{}&#8221;]<\/p>\n<h3><span style=\"font-size: large;\">Weitere Informationen zu den \u00d6ffnungszeiten und Preisen finden Sie hier:<\/span><\/h3>\n<p>[\/et_pb_blurb][et_pb_button button_url=&#8221;https:\/\/www.museumsverein-stveit.com\/besucherinfosunnpau&#8221; url_new_window=&#8221;on&#8221; button_text=&#8221;Zur Website&#8221; _builder_version=&#8221;4.21.0&#8243; button_text_size=&#8221;14px&#8221; button_bg_color=&#8221;#E08A25&#8243; custom_margin=&#8221;|||55px|false|false&#8221; custom_padding=&#8221;11px|25px|11px|25px|true|true&#8221; button_letter_spacing_hover=&#8221;1px&#8221; locked=&#8221;off&#8221; global_colors_info=&#8221;{}&#8221; button_text_size__hover_enabled=&#8221;off&#8221; button_one_text_size__hover_enabled=&#8221;off&#8221; button_two_text_size__hover_enabled=&#8221;off&#8221; button_text_color__hover_enabled=&#8221;off&#8221; button_one_text_color__hover_enabled=&#8221;off&#8221; button_two_text_color__hover_enabled=&#8221;off&#8221; button_border_width__hover_enabled=&#8221;off&#8221; button_one_border_width__hover_enabled=&#8221;off&#8221; button_two_border_width__hover_enabled=&#8221;off&#8221; button_border_color__hover_enabled=&#8221;off&#8221; button_one_border_color__hover_enabled=&#8221;off&#8221; button_two_border_color__hover_enabled=&#8221;off&#8221; button_border_radius__hover_enabled=&#8221;off&#8221; button_one_border_radius__hover_enabled=&#8221;off&#8221; button_two_border_radius__hover_enabled=&#8221;off&#8221; button_one_letter_spacing__hover_enabled=&#8221;off&#8221; button_two_letter_spacing__hover_enabled=&#8221;off&#8221; button_one_bg_color__hover_enabled=&#8221;off&#8221; button_two_bg_color__hover_enabled=&#8221;off&#8221; button_bg_color__hover=&#8221;#e3943b&#8221; button_bg_enable_color__hover=&#8221;on&#8221;][\/et_pb_button][\/et_pb_column][\/et_pb_row][\/et_pb_section]<\/p>\n","protected":false},"excerpt":{"rendered":"<p>SchaubergwerkeSchaubergwerk Kupferzeche in H\u00fcttau Man wandert treppauf, treppab durch das \u00fcber die Jahrhunderte m\u00fchevoll entstandene Bergwerk am Larzenbach in H\u00fcttau und taucht ein in die faszinierende mittelalterliche Arbeitswelt der Bergknappen. [&hellip;]<\/p>\n","protected":false},"author":4,"featured_media":0,"parent":0,"menu_order":0,"comment_status":"closed","ping_status":"closed","template":"","meta":{"_et_pb_use_builder":"on","_et_pb_old_content":"","_et_gb_content_width":"","_price":"","_stock":"","_tribe_ticket_header":"","_tribe_default_ticket_provider":"","_tribe_ticket_capacity":"0","_ticket_start_date":"","_ticket_end_date":"","_tribe_ticket_show_description":"","_tribe_ticket_show_not_going":false,"_tribe_ticket_use_global_stock":"","_tribe_ticket_global_stock_level":"","_global_stock_mode":"","_global_stock_cap":"","_tribe_rsvp_for_event":"","_tribe_ticket_going_count":"","_tribe_ticket_not_going_count":"","_tribe_tickets_list":"[]","_tribe_ticket_has_attendee_info_fields":false,"footnotes":""},"class_list":["post-1607","page","type-page","status-publish","hentry"],"acf":[],"ticketed":false,"_links":{"self":[{"href":"https:\/\/geopark-erzderalpen.at\/en\/wp-json\/wp\/v2\/pages\/1607","targetHints":{"allow":["GET"]}}],"collection":[{"href":"https:\/\/geopark-erzderalpen.at\/en\/wp-json\/wp\/v2\/pages"}],"about":[{"href":"https:\/\/geopark-erzderalpen.at\/en\/wp-json\/wp\/v2\/types\/page"}],"author":[{"embeddable":true,"href":"https:\/\/geopark-erzderalpen.at\/en\/wp-json\/wp\/v2\/users\/4"}],"replies":[{"embeddable":true,"href":"https:\/\/geopark-erzderalpen.at\/en\/wp-json\/wp\/v2\/comments?post=1607"}],"version-history":[{"count":32,"href":"https:\/\/geopark-erzderalpen.at\/en\/wp-json\/wp\/v2\/pages\/1607\/revisions"}],"predecessor-version":[{"id":3591,"href":"https:\/\/geopark-erzderalpen.at\/en\/wp-json\/wp\/v2\/pages\/1607\/revisions\/3591"}],"wp:attachment":[{"href":"https:\/\/geopark-erzderalpen.at\/en\/wp-json\/wp\/v2\/media?parent=1607"}],"curies":[{"name":"wp","href":"https:\/\/api.w.org\/{rel}","templated":true}]}}