{"id":1611,"date":"2024-04-17T16:45:40","date_gmt":"2024-04-17T14:45:40","guid":{"rendered":"https:\/\/preview.geosite.at\/?page_id=1611"},"modified":"2025-09-03T14:45:25","modified_gmt":"2025-09-03T12:45:25","slug":"historische-schautafeln","status":"publish","type":"page","link":"https:\/\/geopark-erzderalpen.at\/en\/historische-schautafeln\/","title":{"rendered":"Historical display boards"},"content":{"rendered":"<p>[et_pb_section fb_built=&#8221;1&#8243; admin_label=&#8221;section&#8221; _builder_version=&#8221;4.16&#8243; custom_padding=&#8221;||0px|||&#8221; global_colors_info=&#8221;{}&#8221;][et_pb_row _builder_version=&#8221;4.16&#8243; custom_padding=&#8221;||0px|||&#8221; global_colors_info=&#8221;{}&#8221;][et_pb_column type=&#8221;4_4&#8243; _builder_version=&#8221;4.16&#8243; custom_padding=&#8221;|||&#8221; global_colors_info=&#8221;{}&#8221; custom_padding__hover=&#8221;|||&#8221;][et_pb_text _builder_version=&#8221;4.21.0&#8243; global_colors_info=&#8221;{}&#8221;]<\/p>\n<h1>Historische Schautafeln<strong><\/strong><\/h1>\n<p>[\/et_pb_text][\/et_pb_column][\/et_pb_row][\/et_pb_section][et_pb_section fb_built=&#8221;1&#8243; specialty=&#8221;on&#8221; _builder_version=&#8221;4.21.0&#8243; _module_preset=&#8221;default&#8221; custom_padding=&#8221;0px|||||&#8221; global_colors_info=&#8221;{}&#8221;][et_pb_column type=&#8221;1_3&#8243; _builder_version=&#8221;4.16&#8243; custom_padding=&#8221;|||&#8221; global_colors_info=&#8221;{}&#8221; custom_padding__hover=&#8221;|||&#8221;][et_pb_image src=&#8221;https:\/\/preview.geosite.at\/wp-content\/uploads\/2024\/05\/Schautafel_erzweg.jpg&#8221; title_text=&#8221;Schautafel_erzweg&#8221; _builder_version=&#8221;4.21.0&#8243; _module_preset=&#8221;default&#8221; width=&#8221;100%&#8221; hover_enabled=&#8221;0&#8243; global_colors_info=&#8221;{}&#8221; alt=&#8221;Collage des Erzwegs&#8221; sticky_enabled=&#8221;0&#8243;][\/et_pb_image][\/et_pb_column][et_pb_column type=&#8221;2_3&#8243; specialty_columns=&#8221;2&#8243; _builder_version=&#8221;4.16&#8243; custom_padding=&#8221;|||&#8221; global_colors_info=&#8221;{}&#8221; custom_padding__hover=&#8221;|||&#8221;][et_pb_row_inner column_structure=&#8221;1_2,1_2&#8243; _builder_version=&#8221;4.21.0&#8243; _module_preset=&#8221;default&#8221; custom_margin=&#8221;40px||||false|false&#8221; custom_padding=&#8221;0px||0px||false|false&#8221; global_colors_info=&#8221;{}&#8221;][et_pb_column_inner type=&#8221;1_2&#8243; saved_specialty_column_type=&#8221;2_3&#8243; _builder_version=&#8221;4.21.0&#8243; _module_preset=&#8221;default&#8221; global_colors_info=&#8221;{}&#8221;][et_pb_text _builder_version=&#8221;4.21.0&#8243; _module_preset=&#8221;default&#8221; global_colors_info=&#8221;{}&#8221;]<\/p>\n<p style=\"text-align: justify;\">Die historischen Schautafeln, die entlang des Erzwegs im Erz der Alpen UNESCO Global Geopark in den Gemeinden H\u00fcttau, Bischofshofen, M\u00fchlbach am Hochk\u00f6nig und St. Veit im Pongau zu finden sind, stellen eine bedeutende und facettenreiche Einrichtung dar. Vielmehr dienen sie als lebendige Verbindung zwischen Vergangenheit, Gegenwart und Zukunft, indem sie Einblicke in die komplexen Wechselwirkungen zwischen Mensch und Natur bieten.<\/p>\n<p style=\"text-align: justify;\">Diese Schautafeln sind weit mehr als nur statische Informationstr\u00e4ger. Sie sind vielmehr lebendige Erz\u00e4hlungen, die die Besucher auf eine faszinierende Reise durch die Zeit mitnehmen. Mit einer eindrucksvollen Darstellung der Erdgeschichte, der Entwicklung des Bergbaus und der facettenreichen Geschichte der Region laden sie dazu ein, in die Tiefen der Vergangenheit einzutauchen und die Spuren fr\u00fcherer Generationen zu erkunden.<\/p>\n<p>[\/et_pb_text][\/et_pb_column_inner][et_pb_column_inner type=&#8221;1_2&#8243; saved_specialty_column_type=&#8221;2_3&#8243; _builder_version=&#8221;4.21.0&#8243; _module_preset=&#8221;default&#8221; global_colors_info=&#8221;{}&#8221;][et_pb_text _builder_version=&#8221;4.21.0&#8243; _module_preset=&#8221;default&#8221; custom_margin=&#8221;||60px||false|false&#8221; global_colors_info=&#8221;{}&#8221;]<\/p>\n<p style=\"text-align: justify;\">Doch ihr Zweck geht weit \u00fcber die reine Wissensvermittlung hinaus. Die historischen Schautafeln tragen ma\u00dfgeblich zur Erhaltung und Wertsch\u00e4tzung des kulturellen Erbes der Region bei. Insbesondere die reiche Bergbaugeschichte und die vielf\u00e4ltigen Sagen und Traditionen des Pongaus werden durch sie lebendig gehalten und einem breiten Publikum zug\u00e4nglich gemacht.<\/p>\n<p style=\"text-align: justify;\">Bei der Entstehung des \u201eErzwegs Kupfer\u201c wurden diese Schautafeln geschaffen und haben seitdem einen festen Platz in der kulturellen Landschaft der Region eingenommen. Als Grundpfeiler dieses Weges vermitteln sie nicht nur historisches Wissen, sondern laden dazu ein, die Geschichte der Region mit allen Sinnen zu erleben und zu erfahren.<\/p>\n<p>[\/et_pb_text][\/et_pb_column_inner][\/et_pb_row_inner][\/et_pb_column][\/et_pb_section][et_pb_section fb_built=&#8221;1&#8243; _builder_version=&#8221;4.21.0&#8243; _module_preset=&#8221;default&#8221; custom_padding=&#8221;1px|||||&#8221; global_colors_info=&#8221;{}&#8221;][et_pb_row column_structure=&#8221;1_4,1_4,1_4,1_4&#8243; _builder_version=&#8221;4.21.0&#8243; _module_preset=&#8221;default&#8221; global_colors_info=&#8221;{}&#8221;][et_pb_column type=&#8221;1_4&#8243; _builder_version=&#8221;4.21.0&#8243; _module_preset=&#8221;default&#8221; global_colors_info=&#8221;{}&#8221;][et_pb_text _builder_version=&#8221;4.21.0&#8243; _module_preset=&#8221;default&#8221; global_colors_info=&#8221;{}&#8221;]<\/p>\n<h2><strong>H\u00fcttau<\/strong><\/h2>\n<p><span style=\"text-decoration: underline;\"><a href=\"\/wp-content\/uploads\/2024\/05\/01bSage-Wehe-Zehe.pdf\" target=\"_blank\" rel=\"noopener\">Sage \u201cDie Wehe Zehe\u201d<\/a><\/span><\/p>\n<p><span style=\"text-decoration: underline;\"><a href=\"\/wp-content\/uploads\/2024\/05\/01aErzltafel-Gewaeltigung-Larzenbach.pdf\" target=\"_blank\" rel=\"noopener\">Gew\u00e4ltigung Bergbau Larzenbach<\/a><\/span><\/p>\n<p><span style=\"text-decoration: underline;\"><a href=\"\/wp-content\/uploads\/2024\/05\/02Pocherhaus-am-Larzenbach.pdf\" target=\"_blank\" rel=\"noopener\">Pocherhaus am Larzenbach<\/a><\/span><\/p>\n<p><span style=\"text-decoration: underline;\"><a href=\"\/wp-content\/uploads\/2024\/05\/04Sage-Teufel-Fritztal.pdf\" target=\"_blank\" rel=\"noopener\">Sage \u201cAls der Teufel im Fritztal mahlte\u201d<\/a><\/span><\/p>\n<p><span style=\"text-decoration: underline;\"><a href=\"\/wp-content\/uploads\/2024\/05\/03bSage-Huettau.pdf\" target=\"_blank\" rel=\"noopener\">Sage \u201cDie wei\u00dfe Katze\u201d<\/a><\/span><\/p>\n<p><span style=\"text-decoration: underline;\"><a href=\"\/wp-content\/uploads\/2024\/05\/03aErzltafel-Huettau.pdf\" target=\"_blank\" rel=\"noopener\">Bergbau H\u00fcttau<\/a><\/span><\/p>\n<p><span style=\"text-decoration: underline;\"><a href=\"\/wp-content\/uploads\/2024\/05\/05Holz-im-Bergbau.pdf\" target=\"_blank\" rel=\"noopener\">Holz im Bergbau<\/a><\/span><\/p>\n<p><span style=\"text-decoration: underline;\"><a href=\"\/wp-content\/uploads\/2024\/05\/09Sage-Eiserne-Henne.pdf\" target=\"_blank\" rel=\"noopener\">Sage \u201cDie eiserne Henne\u201d<\/a><\/span><\/p>\n<p><span style=\"text-decoration: underline;\"><a href=\"\/wp-content\/uploads\/2024\/05\/06Sage-schlafende-Jungfrau.pdf\" target=\"_blank\" rel=\"noopener\">Sage \u201cDie schlafende Jungfrau\u201d<\/a><\/span><\/p>\n<p>[\/et_pb_text][\/et_pb_column][et_pb_column type=&#8221;1_4&#8243; _builder_version=&#8221;4.21.0&#8243; _module_preset=&#8221;default&#8221; global_colors_info=&#8221;{}&#8221;][et_pb_text _builder_version=&#8221;4.21.0&#8243; _module_preset=&#8221;default&#8221; global_colors_info=&#8221;{}&#8221;]<\/p>\n<h2><strong>Bischofshofen<\/strong><\/h2>\n<p><span style=\"text-decoration: underline;\"><a href=\"\/wp-content\/uploads\/2024\/05\/07Pan-Tennen_Hagengebirge.pdf\" target=\"_blank\" rel=\"noopener\">Panorama Hochk\u00f6nig, Tennen- und Hagengebirge<\/a><\/span><\/p>\n<p><span style=\"text-decoration: underline;\"><a href=\"\/wp-content\/uploads\/2024\/05\/08Sage-Habergeiss.pdf\" target=\"_blank\" rel=\"noopener\">Sage \u201cHabergeiss\u201d<\/a><\/span><\/p>\n<p><span style=\"text-decoration: underline;\"><a href=\"\/wp-content\/uploads\/2024\/05\/10aKiener-Haus.pdf\" target=\"_blank\" rel=\"noopener\">Heinrich-Kiener-Haus<\/a><\/span><\/p>\n<p><span style=\"text-decoration: underline;\"><a href=\"\/wp-content\/uploads\/2024\/05\/10bRanggeln.pdf\" target=\"_blank\" rel=\"noopener\">Das Hochgr\u00fcndeck-Ranggeln<\/a><\/span><\/p>\n<p><a href=\"\/wp-content\/uploads\/2024\/05\/11aBergbau-am-Buchberg.pdf\" target=\"_blank\" rel=\"noopener\"><span style=\"text-decoration: underline;\">Bergbau am Buchberg<\/span><\/a><\/p>\n<p><a href=\"\/wp-content\/uploads\/2024\/05\/13aSchurfbau-Lehen.pdf\" target=\"_blank\" rel=\"noopener\"><span style=\"text-decoration: underline;\">Schurfbau Lehen<\/span><\/a><\/p>\n<p><a href=\"\/wp-content\/uploads\/2024\/05\/13bSage-Stollen-Buchberg.pdf\" target=\"_blank\" rel=\"noopener\"><span style=\"text-decoration: underline;\">Sage \u201cDer Stollen im Buchberg\u201d<\/span><\/a><\/p>\n<p><span style=\"text-decoration: underline;\"><a href=\"\/wp-content\/uploads\/2024\/05\/15aBuchbergkirche-druck-200\ufffd.pdf\" target=\"_blank\" rel=\"noopener\">Buchbergkirche<\/a><\/span><\/p>\n<p><span style=\"text-decoration: underline;\"><a href=\"\/wp-content\/uploads\/2024\/05\/15bJahrmarkt-druck-200\ufffd.pdf\" target=\"_blank\" rel=\"noopener\">Jahrmarkt<\/a><\/span><\/p>\n<p>[\/et_pb_text][\/et_pb_column][et_pb_column type=&#8221;1_4&#8243; _builder_version=&#8221;4.21.0&#8243; _module_preset=&#8221;default&#8221; global_colors_info=&#8221;{}&#8221;][et_pb_text _builder_version=&#8221;4.21.0&#8243; _module_preset=&#8221;default&#8221; global_colors_info=&#8221;{}&#8221;]<\/p>\n<p>&nbsp;<\/p>\n<p><span style=\"text-decoration: underline;\"><a href=\"\/wp-content\/uploads\/2024\/05\/15cSage-Pochburger-druck-200\ufffd.pdf\" target=\"_blank\" rel=\"noopener\">Sage \u201cPochburg\u201d<\/a><\/span><\/p>\n<p><span style=\"text-decoration: underline;\"><a href=\"\/wp-content\/uploads\/2024\/05\/16aMuehle.pdf\" target=\"_blank\" rel=\"noopener\">Bachm\u00fchle<\/a><\/span><\/p>\n<p><span style=\"text-decoration: underline;\"><a href=\"\/wp-content\/uploads\/2024\/05\/16bSage-Muehle.pdf\" target=\"_blank\" rel=\"noopener\">Sage \u201cDas flinke M\u00fchlenm\u00e4nnchen\u201d<\/a><\/span><\/p>\n<p><span style=\"text-decoration: underline;\"><a href=\"\/wp-content\/uploads\/2024\/05\/17aErzltafel-Bischofshofen.pdf\" target=\"_blank\" rel=\"noopener\">Bergbau Bischofshofen<\/a><\/span><\/p>\n<p><span style=\"text-decoration: underline;\"><a href=\"\/wp-content\/uploads\/2024\/05\/17bSage-Bischofshofen.pdf\" target=\"_blank\" rel=\"noopener\">Sage \u201cDer Schatz vom Buchberg\u201d<\/a><\/span><\/p>\n<p><span style=\"text-decoration: underline;\"><a href=\"\/wp-content\/uploads\/2024\/05\/18bWasserfall-Weg.pdf\" target=\"_blank\" rel=\"noopener\">Wasserfall \u2013 Weg<\/a><\/span><\/p>\n<p><span style=\"text-decoration: underline;\"><a href=\"\/wp-content\/uploads\/2024\/05\/18cSage-Rauhnaechte-u-Raeuchern.pdf\" target=\"_blank\" rel=\"noopener\">Brauch \u201cDie Rauhn\u00e4chte und das R\u00e4uchern\u201d<\/a><\/span><\/p>\n<p><span style=\"text-decoration: underline;\"><a href=\"\/wp-content\/uploads\/2024\/05\/19aGainfeldbach-und-Wasserfall.pdf\" target=\"_blank\" rel=\"noopener\">Gainfeldbach und Wasserfall<\/a><\/span><\/p>\n<p><span style=\"text-decoration: underline;\"><a href=\"\/wp-content\/uploads\/2024\/05\/19bHochwasser.pdf\" target=\"_blank\" rel=\"noopener\">Hochwasser<\/a><\/span><\/p>\n<p>[\/et_pb_text][\/et_pb_column][et_pb_column type=&#8221;1_4&#8243; _builder_version=&#8221;4.21.0&#8243; _module_preset=&#8221;default&#8221; global_colors_info=&#8221;{}&#8221;][et_pb_text _builder_version=&#8221;4.21.0&#8243; _module_preset=&#8221;default&#8221; global_colors_info=&#8221;{}&#8221;]<\/p>\n<p>&nbsp;<\/p>\n<p><span style=\"text-decoration: underline;\"><a href=\"\/wp-content\/uploads\/2024\/05\/19cSage-vom-Teufelsgeiger.pdf\" target=\"_blank\" rel=\"noopener\">Sage \u201cDer Teufelsgeiger\u201d<\/a><\/span><\/p>\n<p><span style=\"text-decoration: underline;\"><a href=\"\/wp-content\/uploads\/2024\/05\/20aPraehistorische-Pongauer-Burg.pdf\" target=\"_blank\" rel=\"noopener\">Die Pr\u00e4historische Pongauer Burg<\/a><\/span><\/p>\n<p><span style=\"text-decoration: underline;\"><a href=\"\/wp-content\/uploads\/2024\/05\/20cSage-Ruine-Bachsfall.pdf\" target=\"_blank\" rel=\"noopener\">Sage \u201cDie Ruine Bachsfall\u201d<\/a><\/span><\/p>\n<p><span style=\"text-decoration: underline;\"><a href=\"\/wp-content\/uploads\/2024\/05\/20bBurg-d-Herren-v-Pongau.pdf\" target=\"_blank\" rel=\"noopener\">Die Burg der Herren von Pongowe<\/a><\/span><\/p>\n<p><span style=\"text-decoration: underline;\"><a href=\"\/wp-content\/uploads\/2024\/05\/21bLeben-und-Sterben-druck-200\ufffd.pdf\" target=\"_blank\" rel=\"noopener\">Leben und Sterben in der Eisenzeit<\/a><\/span><\/p>\n<p><span style=\"text-decoration: underline;\"><a href=\"\/wp-content\/uploads\/2024\/05\/21cSage-Schoen-u-Schiachperchten-druck-200\ufffd.pdf\" target=\"_blank\" rel=\"noopener\">Brauchtum \u201cDie Sch\u00f6n- und Schiachperchten\u201d<\/a><\/span><\/p>\n<p><span style=\"text-decoration: underline;\"><a href=\"\/wp-content\/uploads\/2024\/05\/21aPraehistorische-Nekropole-druck-200\ufffd.pdf\" target=\"_blank\" rel=\"noopener\">Die pr\u00e4historische Nekropole<\/a><\/span><\/p>\n<p><span style=\"text-decoration: underline;\"><a href=\"\/wp-content\/uploads\/2024\/05\/22bMittelalterliche-Turmburg.pdf\" target=\"_blank\" rel=\"noopener\">Die mittelalterliche Turmburg<\/a><\/span><\/p>\n<p><span style=\"text-decoration: underline;\"><a href=\"\/wp-content\/uploads\/2024\/05\/22cSage-vom-Goetschenberg.pdf\" target=\"_blank\" rel=\"noopener\">Die Sage vom G\u00f6tschenberg<\/a><\/span><\/p>\n<p>[\/et_pb_text][\/et_pb_column][\/et_pb_row][et_pb_row column_structure=&#8221;1_4,1_4,1_4,1_4&#8243; _builder_version=&#8221;4.21.0&#8243; _module_preset=&#8221;default&#8221; global_colors_info=&#8221;{}&#8221;][et_pb_column type=&#8221;1_4&#8243; _builder_version=&#8221;4.21.0&#8243; _module_preset=&#8221;default&#8221; global_colors_info=&#8221;{}&#8221;][et_pb_text _builder_version=&#8221;4.21.0&#8243; _module_preset=&#8221;default&#8221; global_colors_info=&#8221;{}&#8221;]<\/p>\n<h2><strong>St. Veit<\/strong><\/h2>\n<p><span style=\"text-decoration: underline;\"><a href=\"\/wp-content\/uploads\/2024\/05\/42Pan-Hochkoenig_Wald.pdf\" target=\"_blank\" rel=\"noopener\">Bergbau, Holz und Wald<\/a><\/span><\/p>\n<p><span style=\"text-decoration: underline;\"><a href=\"\/wp-content\/uploads\/2024\/05\/45Pfarriachstein_Protestanten.pdf\" target=\"_blank\" rel=\"noopener\">Pfarriachstein \u2013 Kapelle<\/a><\/span><\/p>\n<p><span style=\"text-decoration: underline;\"><a href=\"\/wp-content\/uploads\/2024\/05\/47Knorriger-Bergahorn.pdf\" target=\"_blank\" rel=\"noopener\">Sage \u201cDer knorrige Bergahorn\u201d<\/a><\/span><\/p>\n<p><span style=\"text-decoration: underline;\"><a href=\"\/wp-content\/uploads\/2024\/05\/49aErzltafel-St-Veit.pdf\" target=\"_blank\" rel=\"noopener\">Bergbau St. Veit \u2013 Sonnenterrasse<\/a><\/span><\/p>\n<p><span style=\"text-decoration: underline;\"><a href=\"\/wp-content\/uploads\/2024\/05\/49bSage-StVeit.pdf\" target=\"_blank\" rel=\"noopener\">Sage \u201cDas Goldbr\u00fcnndl\u201d<\/a><\/span><\/p>\n<p>[\/et_pb_text][\/et_pb_column][et_pb_column type=&#8221;1_4&#8243; _builder_version=&#8221;4.21.0&#8243; _module_preset=&#8221;default&#8221; global_colors_info=&#8221;{}&#8221;][et_pb_text _builder_version=&#8221;4.21.0&#8243; _module_preset=&#8221;default&#8221; global_colors_info=&#8221;{}&#8221;]<\/p>\n<h2><strong>M\u00fchlbach<\/strong><\/h2>\n<p><span style=\"text-decoration: underline;\"><a href=\"\/wp-content\/uploads\/2024\/05\/37bSage-Muehlbach.pdf\" target=\"_blank\" rel=\"noopener\">Sage \u201cDer Schinderjackl\u201d<\/a><\/span><\/p>\n<p><span style=\"text-decoration: underline;\"><a href=\"\/wp-content\/uploads\/2024\/05\/37aErzltafel-Muehlbach.pdf\" target=\"_blank\" rel=\"noopener\">Bergbau M\u00fchlbach am Hochk\u00f6nig<\/a><\/span><\/p>\n<p>[\/et_pb_text][\/et_pb_column][et_pb_column type=&#8221;1_4&#8243; _builder_version=&#8221;4.21.0&#8243; _module_preset=&#8221;default&#8221; global_colors_info=&#8221;{}&#8221;][\/et_pb_column][et_pb_column type=&#8221;1_4&#8243; _builder_version=&#8221;4.21.0&#8243; _module_preset=&#8221;default&#8221; global_colors_info=&#8221;{}&#8221;][\/et_pb_column][\/et_pb_row][\/et_pb_section]<\/p>\n","protected":false},"excerpt":{"rendered":"<p>Historische SchautafelnDie historischen Schautafeln, die entlang des Erzwegs im Erz der Alpen UNESCO Global Geopark in den Gemeinden H\u00fcttau, Bischofshofen, M\u00fchlbach am Hochk\u00f6nig und St. Veit im Pongau zu finden [&hellip;]<\/p>\n","protected":false},"author":4,"featured_media":0,"parent":0,"menu_order":0,"comment_status":"closed","ping_status":"closed","template":"","meta":{"_et_pb_use_builder":"on","_et_pb_old_content":"","_et_gb_content_width":"","_price":"","_stock":"","_tribe_ticket_header":"","_tribe_default_ticket_provider":"","_tribe_ticket_capacity":"0","_ticket_start_date":"","_ticket_end_date":"","_tribe_ticket_show_description":"","_tribe_ticket_show_not_going":false,"_tribe_ticket_use_global_stock":"","_tribe_ticket_global_stock_level":"","_global_stock_mode":"","_global_stock_cap":"","_tribe_rsvp_for_event":"","_tribe_ticket_going_count":"","_tribe_ticket_not_going_count":"","_tribe_tickets_list":"[]","_tribe_ticket_has_attendee_info_fields":false,"footnotes":""},"class_list":["post-1611","page","type-page","status-publish","hentry"],"acf":[],"ticketed":false,"_links":{"self":[{"href":"https:\/\/geopark-erzderalpen.at\/en\/wp-json\/wp\/v2\/pages\/1611","targetHints":{"allow":["GET"]}}],"collection":[{"href":"https:\/\/geopark-erzderalpen.at\/en\/wp-json\/wp\/v2\/pages"}],"about":[{"href":"https:\/\/geopark-erzderalpen.at\/en\/wp-json\/wp\/v2\/types\/page"}],"author":[{"embeddable":true,"href":"https:\/\/geopark-erzderalpen.at\/en\/wp-json\/wp\/v2\/users\/4"}],"replies":[{"embeddable":true,"href":"https:\/\/geopark-erzderalpen.at\/en\/wp-json\/wp\/v2\/comments?post=1611"}],"version-history":[{"count":12,"href":"https:\/\/geopark-erzderalpen.at\/en\/wp-json\/wp\/v2\/pages\/1611\/revisions"}],"predecessor-version":[{"id":3488,"href":"https:\/\/geopark-erzderalpen.at\/en\/wp-json\/wp\/v2\/pages\/1611\/revisions\/3488"}],"wp:attachment":[{"href":"https:\/\/geopark-erzderalpen.at\/en\/wp-json\/wp\/v2\/media?parent=1611"}],"curies":[{"name":"wp","href":"https:\/\/api.w.org\/{rel}","templated":true}]}}