{"id":2455,"date":"2024-05-13T10:41:27","date_gmt":"2024-05-13T08:41:27","guid":{"rendered":"https:\/\/preview.geosite.at\/?page_id=2455"},"modified":"2024-05-23T09:39:57","modified_gmt":"2024-05-23T07:39:57","slug":"datenschutz","status":"publish","type":"page","link":"https:\/\/geopark-erzderalpen.at\/en\/datenschutz\/","title":{"rendered":"Data protection"},"content":{"rendered":"<p>[et_pb_section fb_built=&#8221;1&#8243; _builder_version=&#8221;4.21.0&#8243; _module_preset=&#8221;default&#8221; custom_padding=&#8221;||0px|||&#8221; global_colors_info=&#8221;{}&#8221; theme_builder_area=&#8221;post_content&#8221;][et_pb_row _builder_version=&#8221;4.21.0&#8243; _module_preset=&#8221;default&#8221; custom_padding=&#8221;||0px|||&#8221; global_colors_info=&#8221;{}&#8221; theme_builder_area=&#8221;post_content&#8221;][et_pb_column type=&#8221;4_4&#8243; _builder_version=&#8221;4.21.0&#8243; _module_preset=&#8221;default&#8221; global_colors_info=&#8221;{}&#8221; theme_builder_area=&#8221;post_content&#8221;][et_pb_text _builder_version=&#8221;4.21.0&#8243; _module_preset=&#8221;default&#8221; hover_enabled=&#8221;0&#8243; global_colors_info=&#8221;{}&#8221; theme_builder_area=&#8221;post_content&#8221; sticky_enabled=&#8221;0&#8243;]<\/p>\n<h1>Datenschutz<\/h1>\n<p>[\/et_pb_text][\/et_pb_column][\/et_pb_row][\/et_pb_section][et_pb_section fb_built=&#8221;1&#8243; theme_builder_area=&#8221;post_content&#8221; _builder_version=&#8221;4.21.0&#8243; _module_preset=&#8221;default&#8221; custom_padding=&#8221;0px|||||&#8221;][et_pb_row _builder_version=&#8221;4.21.0&#8243; _module_preset=&#8221;default&#8221; theme_builder_area=&#8221;post_content&#8221;][et_pb_column _builder_version=&#8221;4.21.0&#8243; _module_preset=&#8221;default&#8221; type=&#8221;4_4&#8243; theme_builder_area=&#8221;post_content&#8221;][et_pb_text _builder_version=&#8221;4.21.0&#8243; _module_preset=&#8221;default&#8221; theme_builder_area=&#8221;post_content&#8221; hover_enabled=&#8221;0&#8243; sticky_enabled=&#8221;0&#8243;]<\/p>\n<p><span>Im Folgenden informieren wir \u00fcber die Erhebung personenbezogener Daten bei Nutzung unserer Website. Personenbezogene Daten sind alle Daten, die auf Sie pers\u00f6nlich beziehbar sind, z.\u2009B. Name, Adresse, E-Mail-Adressen, Nutzerverhalten. Wir haben umfangreiche technische und betriebliche Schutzvorkehrungen getroffen, um Ihre Daten vor zuf\u00e4lligen oder vors\u00e4tzlichen Manipulationen, Verlust, Zerst\u00f6rung oder dem Zugriff unberechtigter Personen zu sch\u00fctzen. Unsere Sicherheitsverfahren werden regelm\u00e4\u00dfig \u00fcberpr\u00fcft und dem technologischen Fortschritt angepasst.<\/span><\/p>\n<p><span>Weitergehende Informationen \u00fcber die Erhebung und Verarbeitung Ihrer personenbezogenen Daten finden Sie\u00a0<\/span><b><a href=\"https:\/\/www.egpromotion.com\/fileadmin\/Informationspflichten_Kunden.pdf\" title=\"Informationspflichten f\u00fcr Kunden\" target=\"_blank\" rel=\"noopener\">hier<\/a><\/b><span>.<\/span><\/p>\n<p><span><\/span><\/p>\n<p><strong>1<span>\u00a0<\/span><a name=\"_Toc513120895\"><\/a>Verantwortlicher f\u00fcr die Datenverarbeitung<\/strong><\/p>\n<p>Verantwortlicher gem. Art. 4 Abs. 7 EU-Datenschutz-Grundverordnung (DSGVO) ist Thomas Wentz, Heizhausgasse 1, 5500 Bischofshofen,<span>\u00a0<\/span><a href=\"mailto:datenschutz@egpromotion.com\">datenschutz@egpromotion.com<\/a><\/p>\n<p><b><\/b><\/p>\n<p><b>2 Ihre Rechte<\/b><br \/><span>Sie haben gegen\u00fcber uns folgende Rechte hinsichtlich der Sie betreffenden personenbezogenen Daten:<\/span><\/p>\n<p><b>2.1 Allgemeine Rechte<br \/><\/b><br \/><span>Sie haben ein Recht auf Auskunft, Berichtigung, L\u00f6schung, Einschr\u00e4nkung der Verarbeitung, Widerspruch gegen die Verarbeitung und auf Daten\u00fcbertragbarkeit. Soweit eine Verarbeitung auf Ihrer Einwilligung beruht, haben Sie das Recht, diese uns gegen\u00fcber mit Wirkung f\u00fcr die Zukunft zu widerrufen.<\/span><\/p>\n<p><b>2.2 Rechte bei der Datenverarbeitung nach dem berechtigten Interesse<br \/><\/b><br \/><span>Sie haben gem. Art. 21 Abs.1 DSGVO das Recht, aus Gr\u00fcnden, die sich aus ihrer besonderen Situation ergeben, jederzeit gegen die Verarbeitung Sie betreffender personenbezogener Daten, die aufgrund von Art. 6 Abs.1 e DSGVO (Datenverarbeitung im \u00f6ffentlichen Interesse) oder aufgrund Artikel 6 Abs.1 f DSGVO (Datenverarbeitung zur Wahrung eines berechtigten Interesses) erfolgt, Widerspruch einzulegen, dies gilt auch f\u00fcr ein auf diese Vorschrift gest\u00fctztes Profiling. Im Falle Ihres Widerspruchs verarbeiten wir Ihre personenbezogenen Daten nicht mehr, es sei denn, wir k\u00f6nnen zwingende schutzw\u00fcrdige Gr\u00fcnde f\u00fcr die Verarbeitung nachweisen, die Ihre Interessen, Rechte und Freiheiten \u00fcberwiegen, oder die Verarbeitung dient der Geltendmachung, Aus\u00fcbung oder Verteidigung von Rechtsanspr\u00fcchen.<\/span><\/p>\n<p><b>2.3 Rechte bei Direktwerbung<\/b><\/p>\n<p><span>Sofern wir Ihre personenbezogenen Daten verarbeiten, um Direktwerbung zu betreiben, so haben Sie gem. Art. 21 Abs. 2 DSGVO das Recht, jederzeit Widerspruch gegen die Verarbeitung der Sie betreffenden personenbezogenen Daten zum Zwecke derartiger Werbung einzulegen, dies gilt auch f\u00fcr das Profiling, soweit es mit solcher Direktwerbung in Verbindung steht.<\/span><\/p>\n<p><span>Im Falle Ihres Widerspruchs gegen die Verarbeitung zum Zwecke der Direktwerbung werden wir Ihre personenbezogenen Daten nicht mehr f\u00fcr diese Zwecke verarbeiten<\/span><br \/><b><br \/>2.4 Recht auf Beschwerde bei einer Aufsichtsbeh\u00f6rde<br \/><\/b><br \/><span>Sie haben zudem das Recht, sich bei einer zust\u00e4ndigen Datenschutz-Aufsichtsbeh\u00f6rde \u00fcber die Verarbeitung Ihrer personenbezogenen Daten durch uns zu beschweren. Die f\u00fcr uns zust\u00e4ndige Aufsichtsbeh\u00f6rde ist: \u00f6sterreichische Datenschutzbeh\u00f6rde, Wickenburggasse 8, 1080 Wien, Telefon: +43 1 52 152-0, E-Mail:\u00a0<\/span><a title=\"Opens internal link in current window\" class=\"mail\"><b>dsb(at)dsb.gv.at<\/b><\/a><\/p>\n<p><b>3 Erhebung personenbezogener Daten bei Besuch unserer Website<\/b><\/p>\n<p><span>Bei der blo\u00df informatorischen Nutzung der Website, also wenn Sie sich nicht registrieren oder uns anderweitig Informationen \u00fcbermitteln, erheben wir nur die personenbezogenen Daten, die Ihr Browser an unseren Server \u00fcbermittelt. Wenn Sie unsere Website betrachten m\u00f6chten, erheben wir die folgenden Daten, die f\u00fcr uns technisch erforderlich sind, um Ihnen unsere Website anzuzeigen und die Stabilit\u00e4t und Sicherheit zu gew\u00e4hrleisten. Rechtsgrundlage daf\u00fcr ist Art. 6 Abs. 1 f DSGVO:<\/span><\/p>\n<p><span>Doman, IP-Adresse, Datum und Uhrzeit der Anfrage, Zeitzonendifferenz zur Greenwich Mean Time (GMT), Inhalt der Anforderung (konkrete Seite), Zugriffsstatus\/HTTP-Statuscode, jeweils \u00fcbertragene Datenmenge, Website, von der die Anforderung kommt, Browser, Betriebssystem, und dessen Oberfl\u00e4che, Sprache und Version der Browsersoftware.<\/span><br \/><span>Die Daten werden f\u00fcr 3 Tage vorgehalten und dann verworfen.<\/span><\/p>\n<p><b>4 Kontaktaufnahme per E-Mail oder Kontaktformular<\/b><\/p>\n<p><span>Bei Ihrer Kontaktaufnahme mit uns per E-Mail oder \u00fcber ein Kontaktformular werden die von Ihnen mitgeteilten Daten (Ihre E-Mail-Adresse, ggf. Ihr Name und Ihre Telefonnummer) von uns gespeichert, um Ihre Fragen zu beantworten. Soweit wir \u00fcber unser Kontaktformular Eingaben abfragen, die nicht f\u00fcr eine Kontaktaufnahme erforderlich sind, haben wir diese stets als optional gekennzeichnet. Diese Angaben dienen uns zur Konkretisierung Ihrer Anfrage und zur verbesserten Abwicklung Ihres Anliegens. Eine Mitteilung dieser Angaben erfolgt ausdr\u00fccklich auf freiwilliger Basis und mit Ihrer Einwilligung, Art. 6 Abs.1 a DSGVO. Soweit es sich hierbei um Angaben zu Kommunikationskan\u00e4len (beispielsweise E-Mail-Adresse, Telefonnummer) handelt, willigen Sie au\u00dferdem ein, dass wir Sie ggf. auch \u00fcber diesen Kommunikationskanal kontaktieren, um Ihr Anliegen zu beantworten. Diese Einwilligung k\u00f6nnen Sie selbstverst\u00e4ndlich jederzeit f\u00fcr die Zukunft widerrufen.<\/span><\/p>\n<p><span>Die in diesem Zusammenhang anfallenden Daten l\u00f6schen wir, nachdem die Speicherung nicht mehr erforderlich ist, oder schr\u00e4nken die Verarbeitung ein, falls gesetzliche Aufbewahrungspflichten bestehen.<\/span><\/p>\n<p><b><\/b><\/p>\n<p><b>5 Allgemeine Informationen<\/b><\/p>\n<p><span>Mit Ihrer Einwilligung nach Art. 6 Abs. 1 a DSGVO k\u00f6nnen Sie unseren Newsletter abonnieren, mit dem wir Sie \u00fcber unsere aktuellen Angebote informieren.<\/span><br \/><span>F\u00fcr die Anmeldung zu unserem Newsletter verwenden wir das sog. Double-Opt-In-Verfahren. Das hei\u00dft, dass wir Ihnen nach Ihrer Anmeldung eine E-Mail an die angegebene E-Mail-Adresse senden, in welcher wir Sie um Best\u00e4tigung bitten, dass Sie den Versand des Newsletters w\u00fcnschen. Wenn Sie Ihre Anmeldung nicht best\u00e4tigen, werden Ihre Informationen gesperrt und nach einem Monat automatisch gel\u00f6scht.<\/span><\/p>\n<p><span>Dar\u00fcber hinaus speichern wir jeweils Ihre eingesetzten IP-Adressen und Zeitpunkte der Anmeldung und Best\u00e4tigung. Zweck des Verfahrens ist, Ihre Anmeldung nachweisen und ggf. einen m\u00f6glichen Missbrauch Ihrer pers\u00f6nlichen Daten aufkl\u00e4ren zu k\u00f6nnen.<\/span><\/p>\n<p><span>Pflichtangabe f\u00fcr die \u00dcbersendung des Newsletters ist allein Ihre E-Mail-Adresse. Die Angabe weiterer, gesondert markierter Daten ist freiwillig und wird verwendet, um Sie pers\u00f6nlich ansprechen zu k\u00f6nnen. Nach Ihrer Best\u00e4tigung speichern wir Ihre E-Mail-Adresse zum Zweck der Zusendung des Newsletters. Rechtsgrundlage ist Art. 6 Abs. 1 a DSGVO.<\/span><\/p>\n<p><span>Ihre Einwilligung in die \u00dcbersendung des Newsletters k\u00f6nnen Sie jederzeit widerrufen und den Newsletter abbestellen. Den Widerruf k\u00f6nnen Sie durch Klick auf den in jeder Newsletter-E-Mail bereitgestellten Link oder per Kontaktanfrage an den oben angegebenen Datenschutzbeauftragten erkl\u00e4ren.<\/span><\/p>\n<p>&nbsp;<\/p>\n<p><b>6 Bewerbungen<\/b><\/p>\n<p><span>Sie k\u00f6nnen sich auf elektronischem Wege, insb. via E-Mail bei unserem Unternehmen bewerben. Ihre Angaben werden wir selbstverst\u00e4ndlich ausschlie\u00dflich zur Bearbeitung Ihrer Bewerbung verwenden und nicht an Dritte weitergeben. Bitte beachten Sie, dass unverschl\u00fcsselt \u00fcbersandte E-Mails nicht zugriffsgesch\u00fctzt \u00fcbermittelt werden.<\/span><\/p>\n<p><span>Wenn Sie sich auf eine bestimmte Stelle beworben haben und diese bereits besetzt wurde oder wir Sie f\u00fcr eine andere Stelle ebenfalls oder als noch besser geeignet ansehen, w\u00fcrden wir Ihre Bewerbung gerne innerhalb unseres Unternehmens weiterleiten. Bitte teilen Sie uns mit, wenn Sie einer Weiterleitung nicht zustimmen.<\/span><\/p>\n<p><span>Ihre personenbezogenen Daten werden nach Abschluss des Bewerbungsverfahrens sofort gel\u00f6scht, bzw. nach maximal 6 Monaten, sofern Sie uns nicht ausdr\u00fccklich Ihre Einwilligung f\u00fcr eine l\u00e4ngere Speicherung Ihrer Daten erteilt haben oder es zu einem Vertragsschluss gekommen ist. Rechtsgrundlage ist Art. 6 Abs. 1 a, b und f.<\/span><br \/><b><br \/>7 Einsatz von Social-Plugins<\/b><\/p>\n<p><span>Diese Website verwendet Social-Plugins des\/der Anbieter\/s<\/span><\/p>\n<p><span>\u2013 Facebook (Betreiber: Facebook Inc., 1601 S. California Ave, Palo Alto, CA 94304, USA)<\/span><\/p>\n<p><span>Diese Plugins erfassen normalerweise standardm\u00e4\u00dfig Daten von Ihnen und \u00fcbermitteln diese an die Server des jeweiligen Anbieters. Um den Schutz Ihrer Privatsph\u00e4re zu gew\u00e4hrleisten, haben wir technische Ma\u00dfnahmen ergriffen, die gew\u00e4hrleisten, dass Ihre Daten nicht ohne Ihre Zustimmung von den Anbietern des jeweiligen Plugins erfasst werden k\u00f6nnen. Bei Aufruf einer Seite, auf denen die Plugins eingebunden sind, sind diese zun\u00e4chst deaktiviert. Erst mit einem Klick auf das jeweilige Symbol werden die Plugins aktiviert und Sie geben damit Ihre Zustimmung, dass Ihre Daten an den jeweiligen Anbieter \u00fcbertragen werden. Rechtsgrundlage f\u00fcr die Nutzung der Plugins ist Art. 6 Abs. 1 a und f DSGVO.<\/span><\/p>\n<p><span>Die Plugins erfassen nach Aktivierung auch personenbezogene Daten wie Ihre IP-Adresse und senden diese an die Server des jeweiligen Anbieters, wo diese gespeichert werden. Au\u00dferdem setzen aktivierte Social Plugins beim Aufruf der betreffenden Webseite ein Cookie mit einer eindeutigen Kennung. Dadurch k\u00f6nnen die Anbieter auch Profile \u00fcber Ihr Nutzungsverhalten erstellen. Dies geschieht auch dann, wenn Sie nicht Mitglied bei dem sozialen Netzwerk des jeweiligen Anbieters sind. Sollten Sie Mitglied bei dem sozialen Netzwerk des Anbieters sein und sind Sie w\u00e4hrend Ihres Besuchs auf dieser Website bei dem sozialen Netzwerk eingeloggt, k\u00f6nnen Ihre Daten und Informationen \u00fcber den Besuch auf dieser Webseite mit Ihrem Profil auf dem sozialen Netzwerk verkn\u00fcpft werden. Auf den genauen Umfang der von Ihnen erhobenen Daten durch den jeweiligen Anbieter haben wir keinen Einfluss. N\u00e4here Informationen \u00fcber den Umfang, die Art und den Zweck der Datenverarbeitung und \u00fcber Rechte und Einstellungsm\u00f6glichkeiten zum Schutz Ihrer Privatsph\u00e4re entnehmen Sie bitte den Datenschutzhinweisen des jeweiligen Anbieters des sozialen Netzwerks. Diese sind unter den folgenden Adressen abrufbar:<\/span><\/p>\n<p><span>Facebook:\u00a0<\/span><a href=\"https:\/\/www.facebook.com\/policy.php\" title=\"Opens internal link in current window\" target=\"_blank\" class=\"external-link-new-window\" rel=\"noopener\">https:\/\/www.facebook.com\/policy.php<\/a><\/p>\n<p>&nbsp;<\/p>\n<p><b>8 Webseitenanalyse<br \/><\/b><br \/><span>F\u00fcr Zwecke der Analyse und Optimierung unserer Webseiten verwenden wir verschiedene Dienste, die im Folgenden dargestellt werden. So k\u00f6nnen wir z.B. analysieren, wie viele Nutzer unsere Seite besuchen, welche Informationen am gefragtesten sind oder wie Nutzer das Angebot auffinden. Wir erfassen unter anderem Daten dar\u00fcber, von welcher Internetseite eine betroffene Person auf eine Internetseite gekommen ist (sogenannter Referrer), auf welche Unterseiten der Internetseite zugegriffen oder wie oft und f\u00fcr welche Verweildauer eine Unterseite betrachtet wurde. Dies hilft uns, unsere Angebote nutzerfreundlich auszugestalten und zu verbessern. Die dabei erhobenen Daten dienen nicht dazu, einzelne Benutzer pers\u00f6nlich zu identifizieren. Es werden anonyme bzw. h\u00f6chstens pseudonyme Daten erhoben. Rechtsgrundlage daf\u00fcr ist Art. 6 Abs. 1 f DSGVO.<\/span><\/p>\n<p>&nbsp;<\/p>\n<p><b>9 Daten\u00fcbermittlung<br \/><\/b><br \/><span>Eine \u00dcbermittlung Ihrer Daten an Dritte findet grunds\u00e4tzlich nicht statt, es sei denn, wir sind gesetzlich dazu verpflichtet, oder die Datenweitergabe ist zur Durchf\u00fchrung des Vertragsverh\u00e4ltnisses erforderlich oder Sie haben zuvor ausdr\u00fccklich in die Weitergabe Ihrer Daten eingewilligt.<\/span><\/p>\n<p><span>Externe Dienstleister und Partnerunternehmen wie z.B. Online-Payment-Anbieter oder das mit der Lieferung beauftragte Versandunternehmen erhalten Ihre Daten nur, soweit dies zur Abwicklung Ihrer Bestellung erforderlich ist. In diesen F\u00e4llen beschr\u00e4nkt sich der Umfang der \u00fcbermittelten Daten jedoch auf das erforderliche Minimum. Soweit unsere Dienstleister mit Ihren personenbezogenen Daten in Ber\u00fchrung kommen, stellen wir im Rahmen der Auftragsverarbeitung gem. Art. 28 DSGVO sicher, dass diese die Vorschriften der Datenschutzgesetze in gleicher Weise einhalten. Bitte beachten Sie auch die jeweiligen Datenschutzhinweise der Anbieter. F\u00fcr die Inhalte fremder Dienste ist der jeweilige Diensteanbieter verantwortlich, wobei wir im Rahmen der Zumutbarkeit eine \u00dcberpr\u00fcfung der Dienste auf die Einhaltung der gesetzlichen Anforderungen \u00fcberpr\u00fcfen.<\/span><\/p>\n<p><span>Wir legen Wert darauf, Ihre Daten innerhalb der EU \/ des EWR zu verarbeiten. Es kann allerdings vorkommen, dass wir Dienstleister einsetzen, die au\u00dferhalb der EU \/ des EWR Daten verarbeiten. In diesen F\u00e4llen stellen wir sicher, dass vor der \u00dcbermittlung Ihrer personenbezogenen Daten ein angemessenes Datenschutzniveau beim Empf\u00e4nger hergestellt wird. Damit ist gemeint, dass \u00fcber EU-Standardvertr\u00e4ge oder einem Angemessenheitsbeschluss, wie dem EU-Privacy Shield, ein Datenschutzniveau erreicht wird, dass mit den Standards innerhalb der EU vergleichbar ist.<\/span><\/p>\n<p><b>10 Datensicherheit<br \/><\/b><br \/><span>Wir haben umfangreiche technische und betriebliche Schutzvorkehrungen getroffen, um Ihre Daten vor zuf\u00e4lligen oder vors\u00e4tzlichen Manipulationen, Verlust, Zerst\u00f6rung oder dem Zugriff unberechtigter Personen zu sch\u00fctzen. Unsere Sicherheitsverfahren werden regelm\u00e4\u00dfig \u00fcberpr\u00fcft und dem technologischen Fortschritt angepasst.<\/span><\/p>\n<p>[\/et_pb_text][\/et_pb_column][\/et_pb_row][\/et_pb_section]<\/p>\n","protected":false},"excerpt":{"rendered":"<p>DatenschutzIm Folgenden informieren wir \u00fcber die Erhebung personenbezogener Daten bei Nutzung unserer Website. Personenbezogene Daten sind alle Daten, die auf Sie pers\u00f6nlich beziehbar sind, z.\u2009B. Name, Adresse, E-Mail-Adressen, Nutzerverhalten. Wir [&hellip;]<\/p>\n","protected":false},"author":1,"featured_media":0,"parent":0,"menu_order":0,"comment_status":"closed","ping_status":"closed","template":"","meta":{"_et_pb_use_builder":"on","_et_pb_old_content":"","_et_gb_content_width":"","_price":"","_stock":"","_tribe_ticket_header":"","_tribe_default_ticket_provider":"","_tribe_ticket_capacity":"0","_ticket_start_date":"","_ticket_end_date":"","_tribe_ticket_show_description":"","_tribe_ticket_show_not_going":false,"_tribe_ticket_use_global_stock":"","_tribe_ticket_global_stock_level":"","_global_stock_mode":"","_global_stock_cap":"","_tribe_rsvp_for_event":"","_tribe_ticket_going_count":"","_tribe_ticket_not_going_count":"","_tribe_tickets_list":"[]","_tribe_ticket_has_attendee_info_fields":false,"footnotes":""},"class_list":["post-2455","page","type-page","status-publish","hentry"],"acf":[],"ticketed":false,"_links":{"self":[{"href":"https:\/\/geopark-erzderalpen.at\/en\/wp-json\/wp\/v2\/pages\/2455","targetHints":{"allow":["GET"]}}],"collection":[{"href":"https:\/\/geopark-erzderalpen.at\/en\/wp-json\/wp\/v2\/pages"}],"about":[{"href":"https:\/\/geopark-erzderalpen.at\/en\/wp-json\/wp\/v2\/types\/page"}],"author":[{"embeddable":true,"href":"https:\/\/geopark-erzderalpen.at\/en\/wp-json\/wp\/v2\/users\/1"}],"replies":[{"embeddable":true,"href":"https:\/\/geopark-erzderalpen.at\/en\/wp-json\/wp\/v2\/comments?post=2455"}],"version-history":[{"count":3,"href":"https:\/\/geopark-erzderalpen.at\/en\/wp-json\/wp\/v2\/pages\/2455\/revisions"}],"predecessor-version":[{"id":2948,"href":"https:\/\/geopark-erzderalpen.at\/en\/wp-json\/wp\/v2\/pages\/2455\/revisions\/2948"}],"wp:attachment":[{"href":"https:\/\/geopark-erzderalpen.at\/en\/wp-json\/wp\/v2\/media?parent=2455"}],"curies":[{"name":"wp","href":"https:\/\/api.w.org\/{rel}","templated":true}]}}