{"id":324,"date":"2023-07-20T15:26:07","date_gmt":"2023-07-20T13:26:07","guid":{"rendered":"https:\/\/preview.geosite.at\/?page_id=324"},"modified":"2026-02-23T13:56:00","modified_gmt":"2026-02-23T12:56:00","slug":"kooperationspartner","status":"publish","type":"page","link":"https:\/\/geopark-erzderalpen.at\/en\/kooperationspartner\/","title":{"rendered":"Cooperations"},"content":{"rendered":"<p>[et_pb_section fb_built=&#8221;1&#8243; _builder_version=&#8221;4.21.0&#8243; _module_preset=&#8221;default&#8221; global_colors_info=&#8221;{}&#8221;][et_pb_row _builder_version=&#8221;4.21.0&#8243; _module_preset=&#8221;default&#8221; custom_padding=&#8221;||0px|||&#8221; global_colors_info=&#8221;{}&#8221;][et_pb_column type=&#8221;4_4&#8243; _builder_version=&#8221;4.21.0&#8243; _module_preset=&#8221;default&#8221; global_colors_info=&#8221;{}&#8221;][et_pb_text _builder_version=&#8221;4.21.0&#8243; _module_preset=&#8221;default&#8221; global_colors_info=&#8221;{}&#8221;]<\/p>\n<h1>Unsere Kooperationspartner<\/h1>\n<p>[\/et_pb_text][\/et_pb_column][\/et_pb_row][et_pb_row column_structure=&#8221;1_2,1_2&#8243; _builder_version=&#8221;4.21.0&#8243; _module_preset=&#8221;default&#8221; custom_padding=&#8221;0px|||||&#8221; global_colors_info=&#8221;{}&#8221;][et_pb_column type=&#8221;1_2&#8243; _builder_version=&#8221;4.21.0&#8243; _module_preset=&#8221;default&#8221; global_colors_info=&#8221;{}&#8221;][et_pb_text _builder_version=&#8221;4.21.0&#8243; _module_preset=&#8221;default&#8221; global_colors_info=&#8221;{}&#8221;]<\/p>\n<h2 style=\"text-align: justify;\">UNESCO<\/h2>\n<p style=\"text-align: justify;\">Der Erz der Alpen UNESCO Global Geopark ist neben dem Steirische Eisenwurzen UNESCO Global Geopark und dem Karawanken<span>\u00a0<\/span>UNESCO Global Geopark zur Zeit der dritte UNESCO Geopark in<span>\u00a0<\/span>\u00d6sterreich. Die Karnischen Alpen werden als nationaler Geopark<span>\u00a0<\/span>gef\u00fchrt. Die Kooperationspartner des Erz der Alpen UNESCO Global<span>\u00a0<\/span>Geoparks sind der Inselsberg \u2013 Drei Gleichen UNESCO Global Geopark<span>\u00a0<\/span>in Th\u00fcringen und der nationale Geopark Porphyrland in Sachsen,<span>\u00a0<\/span>Deutschland sowie der <span style=\"text-decoration: underline;\"><a href=\"https:\/\/www.geoparkvestjylland.com\/\" target=\"_blank\" rel=\"noopener\">Vestjylland UNESCO Global Geopark<\/a><\/span> in<span>\u00a0<\/span>D\u00e4nemark und der Shiniuzhai Geopark in China.<\/p>\n<p>[\/et_pb_text][\/et_pb_column][et_pb_column type=&#8221;1_2&#8243; _builder_version=&#8221;4.21.0&#8243; _module_preset=&#8221;default&#8221; global_colors_info=&#8221;{}&#8221;][et_pb_text _builder_version=&#8221;4.21.0&#8243; _module_preset=&#8221;default&#8221; global_colors_info=&#8221;{}&#8221;]<\/p>\n<h2 style=\"text-align: justify;\">Partnerschaft<\/h2>\n<p style=\"text-align: justify;\"><span>Eine strategische Partnerschaft besteht zur \u201eEiszeitlandschaft Chiemgau\u201c, im speziellen zum Naturkunde- und Mammutmuseum in Siegsdorf \/ Bayern und der Universt\u00e4t Salzburg. Alle Partner des Erz der Alpen UNESCO Global Geoparks verbindet ein herzliches Miteinander mit dem Wunsch auf eine langfristig, gute Zusammenarbeit.<\/span><\/p>\n<p>[\/et_pb_text][\/et_pb_column][\/et_pb_row][et_pb_row column_structure=&#8221;1_3,1_3,1_3&#8243; _builder_version=&#8221;4.21.0&#8243; _module_preset=&#8221;default&#8221; global_colors_info=&#8221;{}&#8221;][et_pb_column type=&#8221;1_3&#8243; _builder_version=&#8221;4.21.0&#8243; _module_preset=&#8221;default&#8221; global_colors_info=&#8221;{}&#8221;][et_pb_code _builder_version=&#8221;4.21.0&#8243; _module_preset=&#8221;default&#8221; global_colors_info=&#8221;{}&#8221;]<div class=\"geo-publications\"><a href=\"https:\/\/bischofshofen.com\/\" target=\"_blank\"><p>TVB Bischofshofen<\/p><\/a><\/div><div class=\"geo-publications\"><a href=\"https:\/\/www.salzburgerland.com\/de\/huettau-niedernfritz\/\" target=\"_blank\"><p>TVB H\u00fcttau<\/p><\/a><\/div><div class=\"geo-publications\"><a href=\"https:\/\/www.hochkoenig.at\/\" target=\"_blank\"><p>TVB M\u00fchlbach am Hochk\u00f6nig<\/p><\/a><\/div><div class=\"geo-publications\"><a href=\"https:\/\/www.sonnenterrasse.at\/de\/\" target=\"_blank\"><p>TVB St. Veit<\/p><\/a><\/div><div class=\"geo-publications\"><a href=\"https:\/\/www.bischofshofen.at\" target=\"_blank\"><p>Bischofshofen <\/p><\/a><\/div><div class=\"geo-publications\"><a href=\"https:\/\/www.huettau.at\" target=\"_blank\"><p>H\u00fcttau<\/p><\/a><\/div><div class=\"geo-publications\"><a href=\"https:\/\/www.muehlbach.salzburg.at\" target=\"_blank\"><p>M\u00fchlbach am Hochk\u00f6nig<\/p><\/a><\/div><div class=\"geo-publications\"><a href=\"https:\/\/www.stveitpongau.at\" target=\"_blank\"><p>St. Veit im Pongau <\/p><\/a><\/div><div class=\"geo-publications\"><a href=\"https:\/\/eisenwurzen.com\/\" target=\"_blank\"><p>Steirische Eisenwurzen \u2013 Naturpark und UNESCO Global Geopark<\/p><\/a><\/div><div class=\"geo-publications\"><a href=\"https:\/\/www.geopark-karawanken.at\/de\/\" target=\"_blank\"><p>Geopark Karawanken \u2013 Bad Eisenkappel<\/p><\/a><\/div><div class=\"geo-publications\"><a href=\"https:\/\/www.geopark-karnische-alpen.at\/Startseite.1447.0.html?&amp;L=944\" target=\"_blank\"><p>Geopark Karnische Alpen \u2013 Abenteuer Erdgeschichte<\/p><\/a><\/div>[\/et_pb_code][\/et_pb_column][et_pb_column type=&#8221;1_3&#8243; _builder_version=&#8221;4.21.0&#8243; _module_preset=&#8221;default&#8221; global_colors_info=&#8221;{}&#8221;][et_pb_code _builder_version=&#8221;4.21.0&#8243; _module_preset=&#8221;default&#8221; global_colors_info=&#8221;{}&#8221;]<div class=\"geo-publications\"><a href=\"https:\/\/www.plus.ac.at\/\" target=\"_blank\"><p>Paris Lodron Universit\u00e4t Salzburg<\/p><\/a><\/div><div class=\"geo-publications\"><a href=\"https:\/\/www.uni-graz.at\/de\/\" target=\"_blank\"><p>Karl Franzens Universit\u00e4t Graz<\/p><\/a><\/div><div class=\"geo-publications\"><a href=\"https:\/\/geopark-porphyrland.de\/\" target=\"_blank\"><p>Geopark Porphyrland | Nationaler Geopark Steinreich in Sachsen<\/p><\/a><\/div><div class=\"geo-publications\"><a href=\"https:\/\/www.geopark-thueringen.de\/\" target=\"_blank\"><p>Th\u00fcringen Inselberg \u2013 Drei Gleichen | Nationaler Geopark<\/p><\/a><\/div><div class=\"geo-publications\"><a href=\"https:\/\/www.geoparkvestjylland.com\/\" target=\"_blank\"><p>UNESCO Global Geopark Vestjylland<\/p><\/a><\/div><div class=\"geo-publications\"><a href=\"https:\/\/whhlyt.hunan.gov.cn\/whhlyt\/english\/Tourism\/NationalGeoparks\/202206\/t20220607_25265040.html\" target=\"_blank\"><p>Nationaler Shiniuzhai Geopark <\/p><\/a><\/div><div class=\"geo-publications\"><a href=\"https:\/\/museum-siegsdorf.de\/museum.php\" target=\"_blank\"><p>Naturkunde \u2013 und Mammut Museum Siegsdorf<\/p><\/a><\/div><div class=\"geo-publications\"><a href=\"https:\/\/leader.pongau.org\/home\" target=\"_blank\"><p>LAG Lebens.Wert.Pongau<\/p><\/a><\/div><div class=\"geo-publications\"><a href=\"https:\/\/mint.pongau.org\" target=\"_blank\"><p>MINT - Region Pongau <\/p><\/a><\/div><div class=\"geo-publications\"><a href=\"https:\/\/klar-anpassungsregionen.at\/regionen\/klar-region-pongau\" target=\"_blank\"><p>KLAR Pongau<\/p><\/a><\/div><div class=\"geo-publications\"><a href=\"https:\/\/www.basecamp-research.com\/\" target=\"_blank\"><p>Basecamp Research<\/p><\/a><\/div>[\/et_pb_code][\/et_pb_column][et_pb_column type=&#8221;1_3&#8243; _builder_version=&#8221;4.21.0&#8243; _module_preset=&#8221;default&#8221; global_colors_info=&#8221;{}&#8221;][et_pb_code _builder_version=&#8221;4.21.0&#8243; _module_preset=&#8221;default&#8221; global_colors_info=&#8221;{}&#8221;]<div class=\"geo-publications\"><a href=\"https:\/\/www.bodenbuendnis.or.at\/\" target=\"_blank\"><p>Bodenb\u00fcndnis \u00d6sterreich<\/p><\/a><\/div><div class=\"geo-publications\"><a href=\"https:\/\/www.geocompass.at\/\" target=\"_blank\"><p>GeoCompass Salzburg<\/p><\/a><\/div><div class=\"geo-publications\"><a href=\"https:\/\/www.ionicamobility.org\/\" target=\"_blank\"><p>IONICA Mobility<\/p><\/a><\/div><div class=\"geo-publications\"><a href=\"https:\/\/www.furtmueller.eu\/\" target=\"_blank\"><p>Technisches B\u00fcro f\u00fcr Geologie Dr. Gert Furtm\u00fcller<\/p><\/a><\/div><div class=\"geo-publications\"><a href=\"http:\/\/www.gasthof-tirolerwirt.at\/\" target=\"_blank\"><p>Gasthof Tirolerwirt \u2013 Bischofshofen<\/p><\/a><\/div><div class=\"geo-publications\"><a href=\"https:\/\/www.schuetzen-hof.com\/\" target=\"_blank\"><p>Gasthof Sch\u00fctzenhof &amp; Alte Post \u2013 Bischofshofen<\/p><\/a><\/div>[\/et_pb_code][\/et_pb_column][\/et_pb_row][\/et_pb_section]<\/p>\n","protected":false},"excerpt":{"rendered":"<p>Unsere KooperationspartnerUNESCO Der Erz der Alpen UNESCO Global Geopark ist neben dem Steirische Eisenwurzen UNESCO Global Geopark und dem Karawanken\u00a0UNESCO Global Geopark zur Zeit der dritte UNESCO Geopark in\u00a0\u00d6sterreich. Die [&hellip;]<\/p>\n","protected":false},"author":1,"featured_media":0,"parent":0,"menu_order":0,"comment_status":"closed","ping_status":"closed","template":"","meta":{"_et_pb_use_builder":"on","_et_pb_old_content":"","_et_gb_content_width":"","_price":"","_stock":"","_tribe_ticket_header":"","_tribe_default_ticket_provider":"","_tribe_ticket_capacity":"0","_ticket_start_date":"","_ticket_end_date":"","_tribe_ticket_show_description":"","_tribe_ticket_show_not_going":false,"_tribe_ticket_use_global_stock":"","_tribe_ticket_global_stock_level":"","_global_stock_mode":"","_global_stock_cap":"","_tribe_rsvp_for_event":"","_tribe_ticket_going_count":"","_tribe_ticket_not_going_count":"","_tribe_tickets_list":"[]","_tribe_ticket_has_attendee_info_fields":false,"footnotes":""},"class_list":["post-324","page","type-page","status-publish","hentry"],"acf":[],"ticketed":false,"_links":{"self":[{"href":"https:\/\/geopark-erzderalpen.at\/en\/wp-json\/wp\/v2\/pages\/324","targetHints":{"allow":["GET"]}}],"collection":[{"href":"https:\/\/geopark-erzderalpen.at\/en\/wp-json\/wp\/v2\/pages"}],"about":[{"href":"https:\/\/geopark-erzderalpen.at\/en\/wp-json\/wp\/v2\/types\/page"}],"author":[{"embeddable":true,"href":"https:\/\/geopark-erzderalpen.at\/en\/wp-json\/wp\/v2\/users\/1"}],"replies":[{"embeddable":true,"href":"https:\/\/geopark-erzderalpen.at\/en\/wp-json\/wp\/v2\/comments?post=324"}],"version-history":[{"count":23,"href":"https:\/\/geopark-erzderalpen.at\/en\/wp-json\/wp\/v2\/pages\/324\/revisions"}],"predecessor-version":[{"id":3581,"href":"https:\/\/geopark-erzderalpen.at\/en\/wp-json\/wp\/v2\/pages\/324\/revisions\/3581"}],"wp:attachment":[{"href":"https:\/\/geopark-erzderalpen.at\/en\/wp-json\/wp\/v2\/media?parent=324"}],"curies":[{"name":"wp","href":"https:\/\/api.w.org\/{rel}","templated":true}]}}