{"id":3602,"date":"2026-03-09T14:01:44","date_gmt":"2026-03-09T13:01:44","guid":{"rendered":"https:\/\/geopark-erzderalpen.at\/?page_id=3602"},"modified":"2026-03-09T14:58:03","modified_gmt":"2026-03-09T13:58:03","slug":"fotowettbewerb","status":"publish","type":"page","link":"https:\/\/geopark-erzderalpen.at\/en\/fotowettbewerb\/","title":{"rendered":"Photo competition"},"content":{"rendered":"<p>[et_pb_section fb_built=&#8221;1&#8243; admin_label=&#8221;Why Learn&#8221; _builder_version=&#8221;4.21.0&#8243; custom_padding=&#8221;||3px|||&#8221; global_colors_info=&#8221;{}&#8221;][et_pb_row _builder_version=&#8221;4.16&#8243; custom_padding=&#8221;||0px|||&#8221; global_colors_info=&#8221;{}&#8221;][et_pb_column type=&#8221;4_4&#8243; _builder_version=&#8221;4.16&#8243; custom_padding=&#8221;|||&#8221; global_colors_info=&#8221;{}&#8221; custom_padding__hover=&#8221;|||&#8221;][et_pb_text _builder_version=&#8221;4.21.0&#8243; global_colors_info=&#8221;{}&#8221;]<\/p>\n<h1><strong>Zeig uns die Sch\u00f6nheit des Geopark Erz der Alpen<\/strong><\/h1>\n<h2><strong>Foto- <em>&amp; <\/em>Filmwettbewerb \u201eGeopark Blicke\u201c<\/strong><\/h2>\n<p>[\/et_pb_text][\/et_pb_column][\/et_pb_row][\/et_pb_section][et_pb_section fb_built=&#8221;1&#8243; specialty=&#8221;on&#8221; _builder_version=&#8221;4.21.0&#8243; _module_preset=&#8221;default&#8221; custom_padding=&#8221;0px||||false|false&#8221; hover_enabled=&#8221;0&#8243; global_colors_info=&#8221;{}&#8221; sticky_enabled=&#8221;0&#8243;][et_pb_column type=&#8221;1_3&#8243; _builder_version=&#8221;4.16&#8243; custom_padding=&#8221;|||&#8221; global_colors_info=&#8221;{}&#8221; custom_padding__hover=&#8221;|||&#8221;][et_pb_image src=&#8221;https:\/\/geopark-erzderalpen.at\/wp-content\/uploads\/2026\/03\/Fotowettbewerb-geopark.jpg&#8221; title_text=&#8221;Fotowettbewerb-geopark&#8221; _builder_version=&#8221;4.21.0&#8243; _module_preset=&#8221;default&#8221; hover_enabled=&#8221;0&#8243; global_colors_info=&#8221;{}&#8221; sticky_enabled=&#8221;0&#8243;][\/et_pb_image][\/et_pb_column][et_pb_column type=&#8221;2_3&#8243; specialty_columns=&#8221;2&#8243; _builder_version=&#8221;4.16&#8243; custom_padding=&#8221;|||&#8221; global_colors_info=&#8221;{}&#8221; custom_padding__hover=&#8221;|||&#8221;][et_pb_row_inner _builder_version=&#8221;4.21.0&#8243; _module_preset=&#8221;default&#8221; custom_padding=&#8221;||0px|||&#8221; global_colors_info=&#8221;{}&#8221;][et_pb_column_inner saved_specialty_column_type=&#8221;2_3&#8243; _builder_version=&#8221;4.21.0&#8243; _module_preset=&#8221;default&#8221; global_colors_info=&#8221;{}&#8221;][et_pb_text _builder_version=&#8221;4.21.0&#8243; _module_preset=&#8221;default&#8221; global_colors_info=&#8221;{}&#8221;]<\/p>\n<p style=\"text-align: justify;\">Egal ob Bewohner der Region, Urlauber oder Tagesgast \u2013 dieser Wettbewerb richtet sich an alle, die die Region um H\u00fcttau, M\u00fchlbach am Hochk\u00f6nig, St. Veit im Pongau und Bischofshofen lieben.<\/p>\n<p style=\"text-align: justify;\">Zeig uns deinen einzigartigen Blick auf die Region, auf den Erz der Alpen UNESCO Global Geopark.<\/p>\n<p style=\"text-align: justify;\">Die pr\u00e4mierten Einsendungen werden dann \u00fcber Einrichtungen, Printmedien, Social-Media-Kan\u00e4le und die Website des Geoparks und der vier Tourismus Gemeinden Bischofshofen, M\u00fchlbach am Hochk\u00f6nig, St. Veit im Pongau und H\u00fcttau, pr\u00e4sentiert.<\/p>\n<p>[\/et_pb_text][\/et_pb_column_inner][\/et_pb_row_inner][et_pb_row_inner column_structure=&#8221;1_2,1_2&#8243; _builder_version=&#8221;4.21.0&#8243; _module_preset=&#8221;default&#8221; custom_margin=&#8221;||||false|false&#8221; custom_padding=&#8221;||||false|false&#8221; global_colors_info=&#8221;{}&#8221;][et_pb_column_inner type=&#8221;1_2&#8243; saved_specialty_column_type=&#8221;2_3&#8243; _builder_version=&#8221;4.21.0&#8243; _module_preset=&#8221;default&#8221; global_colors_info=&#8221;{}&#8221;][et_pb_text _builder_version=&#8221;4.21.0&#8243; _module_preset=&#8221;default&#8221; global_colors_info=&#8221;{}&#8221;]<\/p>\n<p><strong><u>Was w\u00fcnschen wir uns: <\/u><\/strong><\/p>\n<ul>\n<li style=\"text-align: justify;\">Digitale Bilder und Kurzvideos (max. 1 Minute) aus der Geoparkregion.<\/li>\n<li style=\"text-align: justify;\">Die eingereichten Bilder sollen die Natur m\u00f6glichst authentisch wiedergeben. Starke digitale Bildmanipulationen sowie KI-generierte Inhalte sind nicht zul\u00e4ssig.<\/li>\n<li style=\"text-align: justify;\">Dateiformat: JPG (3840 Pixel auf der l\u00e4ngeren Seite), Videoformat MP4 (empfohlen Full HD)<\/li>\n<li style=\"text-align: justify;\">Bei gro\u00dfen Datenmengen ab 15 MB, erfolgt die Einsendung \u00fcber Wetransfer (<a href=\"https:\/\/wetransfer.com\">https:\/\/wetransfer.com<\/a>).<\/li>\n<li style=\"text-align: justify;\">Einsendeschluss: 31. Oktober 2026<\/li>\n<li style=\"text-align: justify;\">Einsendungen an: <a href=\"mailto:info@geopark-erzderalpen.at\">info@geopark-erzderalpen.at<\/a><\/li>\n<li style=\"text-align: justify;\">Die Sichtung und Bewertung der Einsendungen erfolgt durch eine Fachjury. Die Pr\u00e4mierung findet im Zuge der Vollversammlung des Verein Erz der Alpen am 19.11.2026 statt.<\/li>\n<\/ul>\n<p>[\/et_pb_text][\/et_pb_column_inner][et_pb_column_inner type=&#8221;1_2&#8243; saved_specialty_column_type=&#8221;2_3&#8243; _builder_version=&#8221;4.21.0&#8243; _module_preset=&#8221;default&#8221; global_colors_info=&#8221;{}&#8221;][et_pb_text _builder_version=&#8221;4.21.0&#8243; _module_preset=&#8221;default&#8221; global_colors_info=&#8221;{}&#8221;]<\/p>\n<p style=\"text-align: justify;\"><u><strong>Teilnahmebedingungen:<\/strong> <\/u><\/p>\n<ul>\n<li style=\"text-align: justify;\">Eine Einsendung pro Person m\u00f6glich (1 Video oder 1 Foto)<\/li>\n<li style=\"text-align: justify;\">Bei minderj\u00e4hrigen<span><\/span>Teilnehmerinnen ist die Zustimmung einer erziehungsberechtigten Person erforderlich.<\/li>\n<li style=\"text-align: justify;\">Bei der Einsendung sind Kontaktdaten (Name) und eine Kurzbeschreibung des Bildes mit Aufnahmeort bekanntzugeben.<\/li>\n<\/ul>\n<p>[\/et_pb_text][et_pb_text _builder_version=&#8221;4.21.0&#8243; _module_preset=&#8221;default&#8221; global_colors_info=&#8221;{}&#8221;]<\/p>\n<p><strong><u>Was gibt es zu gewinnen: <\/u><\/strong><\/p>\n<p><strong>2x<\/strong> 2 \u00dcbernachtungen im \u201eSonnhof by Vitus Winkler\u201c in St. Veit im Pongau, dem \u00f6sterreichischen Koch des Jahres 2026<\/p>\n<p>[\/et_pb_text][\/et_pb_column_inner][\/et_pb_row_inner][et_pb_row_inner _builder_version=&#8221;4.21.0&#8243; _module_preset=&#8221;default&#8221; custom_padding=&#8221;0px|||||&#8221; global_colors_info=&#8221;{}&#8221;][et_pb_column_inner saved_specialty_column_type=&#8221;2_3&#8243; _builder_version=&#8221;4.21.0&#8243; _module_preset=&#8221;default&#8221; global_colors_info=&#8221;{}&#8221;][et_pb_toggle title=&#8221;Wichtige Hinweise!&#8221; open_toggle_background_color=&#8221;#FFFFFF&#8221; closed_toggle_background_color=&#8221;#FFFFFF&#8221; icon_color=&#8221;#0A0002&#8243; toggle_icon=&#8221;&#x43;||divi||400&#8243; use_icon_font_size=&#8221;on&#8221; icon_font_size=&#8221;25px&#8221; open_icon_color=&#8221;#0A0002&#8243; open_toggle_icon=&#8221;&#x42;||divi||400&#8243; open_use_icon_font_size=&#8221;on&#8221; open_icon_font_size=&#8221;25px&#8221; _builder_version=&#8221;4.21.0&#8243; _module_preset=&#8221;default&#8221; border_radii=&#8221;on|7px|7px|7px|7px&#8221; border_width_all=&#8221;0px&#8221; box_shadow_style=&#8221;preset2&#8243; global_colors_info=&#8221;{}&#8221;]<\/p>\n<ul>\n<li>Der Verein Erz der Alpen beh\u00e4lt sich vor, die eingesendeten Bilder und Videos uneingeschr\u00e4nkt zu verwenden.<\/li>\n<li style=\"text-align: justify;\">Es d\u00fcrfen nur Beitr\u00e4ge eingereicht werden, an denen die Teilnehmerinnen und Teilnehmer s\u00e4mtliche Rechte besitzen.<\/li>\n<li style=\"text-align: justify;\">Die Teilnehmerinnen<span> und Teilnehmer <\/span>versichern mit ihrer Einsendung, dass durch die eingereichten Inhalte keine Rechte Dritter (insbesondere Urheber-, Pers\u00f6nlichkeits- oder Markenrechte) verletzt werden.<\/li>\n<li style=\"text-align: justify;\">Abgebildete Personen m\u00fcssen mit der Ver\u00f6ffentlichung einverstanden sein.<\/li>\n<li style=\"text-align: justify;\">Gesetzeswidrige, diskriminierende oder anst\u00f6\u00dfige Inhalte sind vom Wettbewerb<\/li>\n<li style=\"text-align: justify;\">Die im Rahmen des Wettbewerbs erhobenen personenbezogenen Daten, die \u00fcber den Namen des Teilnehmers hinausgehen, werden ausschlie\u00dflich zur Durchf\u00fchrung des Wettbewerbs verwendet.<\/li>\n<li style=\"text-align: justify;\">Mit der Teilnahme am Foto- und Videowettbewerb werden die Teilnahmebedingungen akzeptiert.<\/li>\n<\/ul>\n<p>[\/et_pb_toggle][\/et_pb_column_inner][\/et_pb_row_inner][\/et_pb_column][\/et_pb_section]<\/p>\n","protected":false},"excerpt":{"rendered":"<p>Zeig uns die Sch\u00f6nheit des Geopark Erz der Alpen Foto- &amp; Filmwettbewerb \u201eGeopark Blicke\u201cEgal ob Bewohner der Region, Urlauber oder Tagesgast \u2013 dieser Wettbewerb richtet sich an alle, die die [&hellip;]<\/p>\n","protected":false},"author":4,"featured_media":0,"parent":0,"menu_order":0,"comment_status":"closed","ping_status":"closed","template":"","meta":{"_et_pb_use_builder":"on","_et_pb_old_content":"","_et_gb_content_width":"","_price":"","_stock":"","_tribe_ticket_header":"","_tribe_default_ticket_provider":"","_tribe_ticket_capacity":"0","_ticket_start_date":"","_ticket_end_date":"","_tribe_ticket_show_description":"","_tribe_ticket_show_not_going":false,"_tribe_ticket_use_global_stock":"","_tribe_ticket_global_stock_level":"","_global_stock_mode":"","_global_stock_cap":"","_tribe_rsvp_for_event":"","_tribe_ticket_going_count":"","_tribe_ticket_not_going_count":"","_tribe_tickets_list":"[]","_tribe_ticket_has_attendee_info_fields":false,"footnotes":""},"class_list":["post-3602","page","type-page","status-publish","hentry"],"acf":[],"ticketed":false,"_links":{"self":[{"href":"https:\/\/geopark-erzderalpen.at\/en\/wp-json\/wp\/v2\/pages\/3602","targetHints":{"allow":["GET"]}}],"collection":[{"href":"https:\/\/geopark-erzderalpen.at\/en\/wp-json\/wp\/v2\/pages"}],"about":[{"href":"https:\/\/geopark-erzderalpen.at\/en\/wp-json\/wp\/v2\/types\/page"}],"author":[{"embeddable":true,"href":"https:\/\/geopark-erzderalpen.at\/en\/wp-json\/wp\/v2\/users\/4"}],"replies":[{"embeddable":true,"href":"https:\/\/geopark-erzderalpen.at\/en\/wp-json\/wp\/v2\/comments?post=3602"}],"version-history":[{"count":6,"href":"https:\/\/geopark-erzderalpen.at\/en\/wp-json\/wp\/v2\/pages\/3602\/revisions"}],"predecessor-version":[{"id":3613,"href":"https:\/\/geopark-erzderalpen.at\/en\/wp-json\/wp\/v2\/pages\/3602\/revisions\/3613"}],"wp:attachment":[{"href":"https:\/\/geopark-erzderalpen.at\/en\/wp-json\/wp\/v2\/media?parent=3602"}],"curies":[{"name":"wp","href":"https:\/\/api.w.org\/{rel}","templated":true}]}}